{"id":1371,"date":"2016-02-12T08:12:49","date_gmt":"2016-02-12T08:12:49","guid":{"rendered":"http:\/\/demos.famethemes.com\/onepress\/?page_id=23"},"modified":"2022-05-16T21:47:28","modified_gmt":"2022-05-16T21:47:28","slug":"body-surgery","status":"publish","type":"page","link":"https:\/\/draximenavila.com\/index.php\/body-surgery\/","title":{"rendered":"Body Surgery"},"content":{"rendered":"<div id=\"pl-gb1371-69d02a57ac57d\"  class=\"panel-layout\" ><div id=\"pg-gb1371-69d02a57ac57d-0\"  class=\"panel-grid panel-no-style\" ><div id=\"pgc-gb1371-69d02a57ac57d-0-0\"  class=\"panel-grid-cell\" ><div id=\"panel-gb1371-69d02a57ac57d-0-0-0\" class=\"so-panel widget widget_sow-image panel-first-child panel-last-child\" data-index=\"0\" ><div\n\t\t\t\n\t\t\tclass=\"so-widget-sow-image so-widget-sow-image-default-113ccd71f3e6-1371\"\n\t\t\t\n\t\t>\n<div class=\"sow-image-container\">\n\t\t<img \n\tdata-src=\"https:\/\/draximenavila.com\/wp-content\/uploads\/2022\/01\/Liposuction21.png\" width=\"400\" height=\"340\" data-srcset=\"https:\/\/draximenavila.com\/wp-content\/uploads\/2022\/01\/Liposuction21.png 400w, https:\/\/draximenavila.com\/wp-content\/uploads\/2022\/01\/Liposuction21-300x255.png 300w, https:\/\/draximenavila.com\/wp-content\/uploads\/2022\/01\/Liposuction21-20x17.png 20w\" data-sizes=\"(max-width: 400px) 100vw, 400px\" title=\"Liposuction\" alt=\"Photo by Anna Shvets from Pexels\" \t\tclass=\"so-widget-image lazyload\" src=\"data:image\/svg+xml;base64,PHN2ZyB3aWR0aD0iMSIgaGVpZ2h0PSIxIiB4bWxucz0iaHR0cDovL3d3dy53My5vcmcvMjAwMC9zdmciPjwvc3ZnPg==\" style=\"--smush-placeholder-width: 400px; --smush-placeholder-aspect-ratio: 400\/340;\" \/>\n\t<\/div>\n\n<\/div><\/div><\/div><div id=\"pgc-gb1371-69d02a57ac57d-0-1\"  class=\"panel-grid-cell\" ><div id=\"panel-gb1371-69d02a57ac57d-0-1-0\" class=\"so-panel widget widget_sow-editor panel-first-child panel-last-child\" data-index=\"1\" ><div\n\t\t\t\n\t\t\tclass=\"so-widget-sow-editor so-widget-sow-editor-base\"\n\t\t\t\n\t\t><h3 class=\"widget-title\">Liposuction<\/h3>\n<div class=\"siteorigin-widget-tinymce textwidget\">\n\t<p><span style=\"color: #333333;\">Liposuction is a surgical technique by which fat cells can be removed from the skin. It works with a cannula, that is, a steel tube and a high-power vacuum machine, which extracts and absorbs fat through the tube, thus eliminating it from the body without causing damage.<\/span><\/p>\n<\/div>\n<\/div><\/div><\/div><div id=\"pgc-gb1371-69d02a57ac57d-0-2\"  class=\"panel-grid-cell\" ><div id=\"panel-gb1371-69d02a57ac57d-0-2-0\" class=\"so-panel widget widget_sow-image panel-first-child panel-last-child\" data-index=\"2\" ><div\n\t\t\t\n\t\t\tclass=\"so-widget-sow-image so-widget-sow-image-default-113ccd71f3e6-1371\"\n\t\t\t\n\t\t>\n<div class=\"sow-image-container\">\n\t\t<img \n\tdata-src=\"https:\/\/draximenavila.com\/wp-content\/uploads\/2022\/01\/Mamoplasty1.png\" width=\"400\" height=\"340\" data-srcset=\"https:\/\/draximenavila.com\/wp-content\/uploads\/2022\/01\/Mamoplasty1.png 400w, https:\/\/draximenavila.com\/wp-content\/uploads\/2022\/01\/Mamoplasty1-300x255.png 300w, https:\/\/draximenavila.com\/wp-content\/uploads\/2022\/01\/Mamoplasty1-20x17.png 20w\" data-sizes=\"(max-width: 400px) 100vw, 400px\" title=\"Augmentation Mammoplasty\" alt=\"\" \t\tclass=\"so-widget-image lazyload\" src=\"data:image\/svg+xml;base64,PHN2ZyB3aWR0aD0iMSIgaGVpZ2h0PSIxIiB4bWxucz0iaHR0cDovL3d3dy53My5vcmcvMjAwMC9zdmciPjwvc3ZnPg==\" style=\"--smush-placeholder-width: 400px; --smush-placeholder-aspect-ratio: 400\/340;\" \/>\n\t<\/div>\n\n<\/div><\/div><\/div><div id=\"pgc-gb1371-69d02a57ac57d-0-3\"  class=\"panel-grid-cell\" ><div id=\"panel-gb1371-69d02a57ac57d-0-3-0\" class=\"so-panel widget widget_sow-editor panel-first-child panel-last-child\" data-index=\"3\" ><div\n\t\t\t\n\t\t\tclass=\"so-widget-sow-editor so-widget-sow-editor-base\"\n\t\t\t\n\t\t><h3 class=\"widget-title\">Augmentation Mammoplasty<\/h3>\n<div class=\"siteorigin-widget-tinymce textwidget\">\n\t<p><span style=\"color: #333333;\">Augmentation mammoplasty is a surgical procedure to definitively increase breast size by placing a prosthesis behind the mammary gland or behind the pectoral muscle.<\/span><\/p>\n<\/div>\n<\/div><\/div><\/div><\/div><div id=\"pg-gb1371-69d02a57ac57d-1\"  class=\"panel-grid panel-no-style\" ><div id=\"pgc-gb1371-69d02a57ac57d-1-0\"  class=\"panel-grid-cell\" ><div id=\"panel-gb1371-69d02a57ac57d-1-0-0\" class=\"so-panel widget widget_sow-editor panel-first-child panel-last-child\" data-index=\"4\" ><div\n\t\t\t\n\t\t\tclass=\"so-widget-sow-editor so-widget-sow-editor-base\"\n\t\t\t\n\t\t><h3 class=\"widget-title\">Reduction mammoplasty<\/h3>\n<div class=\"siteorigin-widget-tinymce textwidget\">\n\t<p><span style=\"color: #333333;\">It is a procedure to correct the sagging or ptosis of the breast plus the reduction in the size of the mammary gland. It is applied to women with large (hypertrophic) or sagging (ptosic) breasts. The amount of breast tissue changes proportional to weight, pregnancy, and hormonal changes.<\/span><\/p>\n<\/div>\n<\/div><\/div><\/div><div id=\"pgc-gb1371-69d02a57ac57d-1-1\"  class=\"panel-grid-cell\" ><div id=\"panel-gb1371-69d02a57ac57d-1-1-0\" class=\"so-panel widget widget_sow-image panel-first-child panel-last-child\" data-index=\"5\" ><div\n\t\t\t\n\t\t\tclass=\"so-widget-sow-image so-widget-sow-image-default-113ccd71f3e6-1371\"\n\t\t\t\n\t\t>\n<div class=\"sow-image-container\">\n\t\t<img \n\tdata-src=\"https:\/\/draximenavila.com\/wp-content\/uploads\/2022\/01\/Mamoplasty21.png\" width=\"400\" height=\"340\" data-srcset=\"https:\/\/draximenavila.com\/wp-content\/uploads\/2022\/01\/Mamoplasty21.png 400w, https:\/\/draximenavila.com\/wp-content\/uploads\/2022\/01\/Mamoplasty21-300x255.png 300w, https:\/\/draximenavila.com\/wp-content\/uploads\/2022\/01\/Mamoplasty21-20x17.png 20w\" data-sizes=\"(max-width: 400px) 100vw, 400px\" title=\"Reduction mammoplasty\" alt=\"\" \t\tclass=\"so-widget-image lazyload\" src=\"data:image\/svg+xml;base64,PHN2ZyB3aWR0aD0iMSIgaGVpZ2h0PSIxIiB4bWxucz0iaHR0cDovL3d3dy53My5vcmcvMjAwMC9zdmciPjwvc3ZnPg==\" style=\"--smush-placeholder-width: 400px; --smush-placeholder-aspect-ratio: 400\/340;\" \/>\n\t<\/div>\n\n<\/div><\/div><\/div><div id=\"pgc-gb1371-69d02a57ac57d-1-2\"  class=\"panel-grid-cell\" ><div id=\"panel-gb1371-69d02a57ac57d-1-2-0\" class=\"so-panel widget widget_sow-editor panel-first-child panel-last-child\" data-index=\"6\" ><div\n\t\t\t\n\t\t\tclass=\"so-widget-sow-editor so-widget-sow-editor-base\"\n\t\t\t\n\t\t><h3 class=\"widget-title\">Mamopexy<\/h3>\n<div class=\"siteorigin-widget-tinymce textwidget\">\n\t<p><span style=\"color: #333333;\">Mamopexy or mastopexy is a surgical procedure to raise and improve the shape of sagging and flaccid breasts. It also allows you to reduce the size of the areola when it is too large and to raise the nipples so that they are centered. Its effects are long lasting, but depend on several factors, such as pregnancy, weight changes and age.<\/span><\/p>\n<\/div>\n<\/div><\/div><\/div><div id=\"pgc-gb1371-69d02a57ac57d-1-3\"  class=\"panel-grid-cell\" ><div id=\"panel-gb1371-69d02a57ac57d-1-3-0\" class=\"so-panel widget widget_sow-image panel-first-child panel-last-child\" data-index=\"7\" ><div\n\t\t\t\n\t\t\tclass=\"so-widget-sow-image so-widget-sow-image-default-113ccd71f3e6-1371\"\n\t\t\t\n\t\t>\n<div class=\"sow-image-container\">\n\t\t<img \n\tdata-src=\"https:\/\/draximenavila.com\/wp-content\/uploads\/2022\/01\/Mamopexy21.png\" width=\"400\" height=\"340\" data-srcset=\"https:\/\/draximenavila.com\/wp-content\/uploads\/2022\/01\/Mamopexy21.png 400w, https:\/\/draximenavila.com\/wp-content\/uploads\/2022\/01\/Mamopexy21-300x255.png 300w, https:\/\/draximenavila.com\/wp-content\/uploads\/2022\/01\/Mamopexy21-20x17.png 20w\" data-sizes=\"(max-width: 400px) 100vw, 400px\" title=\"Mamopexy\" alt=\"\" \t\tclass=\"so-widget-image lazyload\" src=\"data:image\/svg+xml;base64,PHN2ZyB3aWR0aD0iMSIgaGVpZ2h0PSIxIiB4bWxucz0iaHR0cDovL3d3dy53My5vcmcvMjAwMC9zdmciPjwvc3ZnPg==\" style=\"--smush-placeholder-width: 400px; --smush-placeholder-aspect-ratio: 400\/340;\" \/>\n\t<\/div>\n\n<\/div><\/div><\/div><\/div><div id=\"pg-gb1371-69d02a57ac57d-2\"  class=\"panel-grid panel-no-style\" ><div id=\"pgc-gb1371-69d02a57ac57d-2-0\"  class=\"panel-grid-cell\" ><div id=\"panel-gb1371-69d02a57ac57d-2-0-0\" class=\"so-panel widget widget_sow-image panel-first-child panel-last-child\" data-index=\"8\" ><div\n\t\t\t\n\t\t\tclass=\"so-widget-sow-image so-widget-sow-image-default-113ccd71f3e6-1371\"\n\t\t\t\n\t\t><\/div><\/div><\/div><div id=\"pgc-gb1371-69d02a57ac57d-2-1\"  class=\"panel-grid-cell\" ><div id=\"panel-gb1371-69d02a57ac57d-2-1-0\" class=\"so-panel widget widget_sow-editor panel-first-child panel-last-child\" data-index=\"9\" ><div\n\t\t\t\n\t\t\tclass=\"so-widget-sow-editor so-widget-sow-editor-base\"\n\t\t\t\n\t\t><h3 class=\"widget-title\">Gluteoplasty<\/h3>\n<div class=\"siteorigin-widget-tinymce textwidget\">\n\t<p><span style=\"color: #333333;\">Also known as a Butt Lift or Gluteal Augmentation is a type of plastic surgery to remove excess fat and loose skin in the buttocks region<\/span><\/p>\n<\/div>\n<\/div><\/div><\/div><div id=\"pgc-gb1371-69d02a57ac57d-2-2\"  class=\"panel-grid-cell\" ><div id=\"panel-gb1371-69d02a57ac57d-2-2-0\" class=\"so-panel widget widget_sow-image panel-first-child panel-last-child\" data-index=\"10\" ><div\n\t\t\t\n\t\t\tclass=\"so-widget-sow-image so-widget-sow-image-default-113ccd71f3e6-1371\"\n\t\t\t\n\t\t>\n<div class=\"sow-image-container\">\n\t\t<img \n\tdata-src=\"https:\/\/draximenavila.com\/wp-content\/uploads\/2022\/01\/Liposuction1.png\" width=\"400\" height=\"340\" data-srcset=\"https:\/\/draximenavila.com\/wp-content\/uploads\/2022\/01\/Liposuction1.png 400w, https:\/\/draximenavila.com\/wp-content\/uploads\/2022\/01\/Liposuction1-300x255.png 300w, https:\/\/draximenavila.com\/wp-content\/uploads\/2022\/01\/Liposuction1-20x17.png 20w\" data-sizes=\"(max-width: 400px) 100vw, 400px\" title=\"Abdominoplasty\" alt=\"Abdomen ready for tummy tuck procedure\" \t\tclass=\"so-widget-image lazyload\" src=\"data:image\/svg+xml;base64,PHN2ZyB3aWR0aD0iMSIgaGVpZ2h0PSIxIiB4bWxucz0iaHR0cDovL3d3dy53My5vcmcvMjAwMC9zdmciPjwvc3ZnPg==\" style=\"--smush-placeholder-width: 400px; --smush-placeholder-aspect-ratio: 400\/340;\" \/>\n\t<\/div>\n\n<\/div><\/div><\/div><div id=\"pgc-gb1371-69d02a57ac57d-2-3\"  class=\"panel-grid-cell\" ><div id=\"panel-gb1371-69d02a57ac57d-2-3-0\" class=\"so-panel widget widget_sow-editor panel-first-child panel-last-child\" data-index=\"11\" ><div\n\t\t\t\n\t\t\tclass=\"so-widget-sow-editor so-widget-sow-editor-base\"\n\t\t\t\n\t\t><h3 class=\"widget-title\">Abdominoplasty<\/h3>\n<div class=\"siteorigin-widget-tinymce textwidget\">\n\t<p><span class=\"sb-0\" style=\"color: #333333;\"><span class=\"dt \"><span class=\"dtText\">Cosmetic surgery of the <a class=\"mw_t_a_link\" style=\"color: #333333;\" href=\"https:\/\/www.merriam-webster.com\/dictionary\/abdomen#medicalDictionary\">abdomen<\/a> that typically involves removal of excess skin and fat and tightening of the <a class=\"mw_t_a_link\" style=\"color: #333333;\" href=\"https:\/\/www.merriam-webster.com\/dictionary\/abdominal#medicalDictionary\">abdominal<\/a> muscles<\/span><\/span><\/span><\/p>\n<\/div>\n<\/div><\/div><\/div><\/div><div id=\"pg-gb1371-69d02a57ac57d-3\"  class=\"panel-grid panel-no-style\" ><div id=\"pgc-gb1371-69d02a57ac57d-3-0\"  class=\"panel-grid-cell\" ><div id=\"panel-gb1371-69d02a57ac57d-3-0-0\" class=\"so-panel widget widget_sow-editor panel-first-child panel-last-child\" data-index=\"12\" ><div\n\t\t\t\n\t\t\tclass=\"so-widget-sow-editor so-widget-sow-editor-base\"\n\t\t\t\n\t\t><h3 class=\"widget-title\">Buttock pexia<\/h3>\n<div class=\"siteorigin-widget-tinymce textwidget\">\n\t<p>Description of buttock pexia<\/p>\n<\/div>\n<\/div><\/div><\/div><div id=\"pgc-gb1371-69d02a57ac57d-3-1\"  class=\"panel-grid-cell\" ><div id=\"panel-gb1371-69d02a57ac57d-3-1-0\" class=\"so-panel widget widget_sow-image panel-first-child panel-last-child\" data-index=\"13\" ><div\n\t\t\t\n\t\t\tclass=\"so-widget-sow-image so-widget-sow-image-default-113ccd71f3e6-1371\"\n\t\t\t\n\t\t>\n<div class=\"sow-image-container\">\n\t\t<img \n\tdata-src=\"https:\/\/draximenavila.com\/wp-content\/uploads\/2022\/01\/Buttock-pexia1.png\" width=\"400\" height=\"340\" data-srcset=\"https:\/\/draximenavila.com\/wp-content\/uploads\/2022\/01\/Buttock-pexia1.png 400w, https:\/\/draximenavila.com\/wp-content\/uploads\/2022\/01\/Buttock-pexia1-300x255.png 300w, https:\/\/draximenavila.com\/wp-content\/uploads\/2022\/01\/Buttock-pexia1-20x17.png 20w\" data-sizes=\"(max-width: 400px) 100vw, 400px\" title=\"Buttock pexia\" alt=\"\" \t\tclass=\"so-widget-image lazyload\" src=\"data:image\/svg+xml;base64,PHN2ZyB3aWR0aD0iMSIgaGVpZ2h0PSIxIiB4bWxucz0iaHR0cDovL3d3dy53My5vcmcvMjAwMC9zdmciPjwvc3ZnPg==\" style=\"--smush-placeholder-width: 400px; --smush-placeholder-aspect-ratio: 400\/340;\" \/>\n\t<\/div>\n\n<\/div><\/div><\/div><div id=\"pgc-gb1371-69d02a57ac57d-3-2\"  class=\"panel-grid-cell\" ><div id=\"panel-gb1371-69d02a57ac57d-3-2-0\" class=\"so-panel widget widget_sow-editor panel-first-child panel-last-child\" data-index=\"14\" ><div\n\t\t\t\n\t\t\tclass=\"so-widget-sow-editor so-widget-sow-editor-base\"\n\t\t\t\n\t\t><h3 class=\"widget-title\">Biopolymer removal<\/h3>\n<div class=\"siteorigin-widget-tinymce textwidget\">\n\t<p>Description of biopolymer removal<\/p>\n<\/div>\n<\/div><\/div><\/div><div id=\"pgc-gb1371-69d02a57ac57d-3-3\"  class=\"panel-grid-cell\" ><div id=\"panel-gb1371-69d02a57ac57d-3-3-0\" class=\"so-panel widget widget_sow-image panel-first-child panel-last-child\" data-index=\"15\" ><div\n\t\t\t\n\t\t\tclass=\"so-widget-sow-image so-widget-sow-image-default-113ccd71f3e6-1371\"\n\t\t\t\n\t\t><\/div><\/div><\/div><\/div><\/div>","protected":false},"excerpt":{"rendered":"<p>Our body surgery services include procedures such as liposuction, augmentation mammoplasty, reduction mammoplasty, mamopexy, gluteoplasty, abdominoplasty, buttock pexia, biopolymer removal, among others.<\/p>\n","protected":false},"author":2,"featured_media":0,"parent":0,"menu_order":0,"comment_status":"closed","ping_status":"closed","template":"template-fullwidth.php","meta":{"footnotes":""},"class_list":["post-1371","page","type-page","status-publish","hentry"],"yoast_head":"<!-- This site is optimized with the Yoast SEO plugin v25.6 - https:\/\/yoast.com\/wordpress\/plugins\/seo\/ -->\n<title>Body Surgery | Cirugia Pl\u00e1stica y Est\u00e9tica en Bogot\u00e1 Colombia<\/title>\n<meta name=\"robots\" content=\"index, follow, max-snippet:-1, max-image-preview:large, max-video-preview:-1\" \/>\n<link rel=\"canonical\" href=\"https:\/\/draximenavila.com\/index.php\/body-surgery\/\" \/>\n<meta property=\"og:locale\" content=\"en_US\" \/>\n<meta property=\"og:type\" content=\"article\" \/>\n<meta property=\"og:title\" content=\"Body Surgery | Cirugia Pl\u00e1stica y Est\u00e9tica en Bogot\u00e1 Colombia\" \/>\n<meta property=\"og:description\" content=\"Our body surgery services include procedures such as liposuction, augmentation mammoplasty, reduction mammoplasty, mamopexy, gluteoplasty, abdominoplasty, buttock pexia, biopolymer removal, among others.\" \/>\n<meta property=\"og:url\" content=\"https:\/\/draximenavila.com\/index.php\/body-surgery\/\" \/>\n<meta property=\"og:site_name\" content=\"Cirugia Pl\u00e1stica y Est\u00e9tica en Bogot\u00e1 Colombia\" \/>\n<meta property=\"article:modified_time\" content=\"2022-05-16T21:47:28+00:00\" \/>\n<meta property=\"og:image\" content=\"https:\/\/draximenavila.com\/wp-content\/uploads\/2022\/01\/Liposuction21.png\" \/>\n<meta name=\"twitter:card\" content=\"summary_large_image\" \/>\n<meta name=\"twitter:label1\" content=\"Est. reading time\" \/>\n\t<meta name=\"twitter:data1\" content=\"1 minute\" \/>\n<script type=\"application\/ld+json\" class=\"yoast-schema-graph\">{\"@context\":\"https:\/\/schema.org\",\"@graph\":[{\"@type\":\"WebPage\",\"@id\":\"https:\/\/draximenavila.com\/index.php\/body-surgery\/\",\"url\":\"https:\/\/draximenavila.com\/index.php\/body-surgery\/\",\"name\":\"Body Surgery | Cirugia Pl\u00e1stica y Est\u00e9tica en Bogot\u00e1 Colombia\",\"isPartOf\":{\"@id\":\"https:\/\/draximenavila.com\/#website\"},\"primaryImageOfPage\":{\"@id\":\"https:\/\/draximenavila.com\/index.php\/body-surgery\/#primaryimage\"},\"image\":{\"@id\":\"https:\/\/draximenavila.com\/index.php\/body-surgery\/#primaryimage\"},\"thumbnailUrl\":\"https:\/\/draximenavila.com\/wp-content\/uploads\/2022\/01\/Liposuction21.png\",\"datePublished\":\"2016-02-12T08:12:49+00:00\",\"dateModified\":\"2022-05-16T21:47:28+00:00\",\"breadcrumb\":{\"@id\":\"https:\/\/draximenavila.com\/index.php\/body-surgery\/#breadcrumb\"},\"inLanguage\":\"en-US\",\"potentialAction\":[{\"@type\":\"ReadAction\",\"target\":[\"https:\/\/draximenavila.com\/index.php\/body-surgery\/\"]}]},{\"@type\":\"ImageObject\",\"inLanguage\":\"en-US\",\"@id\":\"https:\/\/draximenavila.com\/index.php\/body-surgery\/#primaryimage\",\"url\":\"https:\/\/draximenavila.com\/wp-content\/uploads\/2022\/01\/Liposuction21.png\",\"contentUrl\":\"https:\/\/draximenavila.com\/wp-content\/uploads\/2022\/01\/Liposuction21.png\",\"width\":400,\"height\":340,\"caption\":\"Photo by Anna Shvets from Pexels\"},{\"@type\":\"BreadcrumbList\",\"@id\":\"https:\/\/draximenavila.com\/index.php\/body-surgery\/#breadcrumb\",\"itemListElement\":[{\"@type\":\"ListItem\",\"position\":1,\"name\":\"Home\",\"item\":\"https:\/\/draximenavila.com\/\"},{\"@type\":\"ListItem\",\"position\":2,\"name\":\"Body Surgery\"}]},{\"@type\":\"WebSite\",\"@id\":\"https:\/\/draximenavila.com\/#website\",\"url\":\"https:\/\/draximenavila.com\/\",\"name\":\"Cirugia Pl\u00e1stica y Est\u00e9tica en Bogot\u00e1 Colombia\",\"description\":\"Tummy tuck, Ear surgery and Hair implant\",\"publisher\":{\"@id\":\"https:\/\/draximenavila.com\/#organization\"},\"potentialAction\":[{\"@type\":\"SearchAction\",\"target\":{\"@type\":\"EntryPoint\",\"urlTemplate\":\"https:\/\/draximenavila.com\/?s={search_term_string}\"},\"query-input\":{\"@type\":\"PropertyValueSpecification\",\"valueRequired\":true,\"valueName\":\"search_term_string\"}}],\"inLanguage\":\"en-US\"},{\"@type\":\"Organization\",\"@id\":\"https:\/\/draximenavila.com\/#organization\",\"name\":\"Medical office of Dr. Elsa Ximena Avila Ferreira\",\"url\":\"https:\/\/draximenavila.com\/\",\"logo\":{\"@type\":\"ImageObject\",\"inLanguage\":\"en-US\",\"@id\":\"https:\/\/draximenavila.com\/#\/schema\/logo\/image\/\",\"url\":\"https:\/\/draximenavila.com\/wp-content\/uploads\/2022\/04\/cropped-Logo_Dra_Xime_recortado-removebg-SESP.png\",\"contentUrl\":\"https:\/\/draximenavila.com\/wp-content\/uploads\/2022\/04\/cropped-Logo_Dra_Xime_recortado-removebg-SESP.png\",\"width\":285,\"height\":214,\"caption\":\"Medical office of Dr. Elsa Ximena Avila Ferreira\"},\"image\":{\"@id\":\"https:\/\/draximenavila.com\/#\/schema\/logo\/image\/\"}}]}<\/script>\n<!-- \/ Yoast SEO plugin. -->","yoast_head_json":{"title":"Body Surgery | Cirugia Pl\u00e1stica y Est\u00e9tica en Bogot\u00e1 Colombia","robots":{"index":"index","follow":"follow","max-snippet":"max-snippet:-1","max-image-preview":"max-image-preview:large","max-video-preview":"max-video-preview:-1"},"canonical":"https:\/\/draximenavila.com\/index.php\/body-surgery\/","og_locale":"en_US","og_type":"article","og_title":"Body Surgery | Cirugia Pl\u00e1stica y Est\u00e9tica en Bogot\u00e1 Colombia","og_description":"Our body surgery services include procedures such as liposuction, augmentation mammoplasty, reduction mammoplasty, mamopexy, gluteoplasty, abdominoplasty, buttock pexia, biopolymer removal, among others.","og_url":"https:\/\/draximenavila.com\/index.php\/body-surgery\/","og_site_name":"Cirugia Pl\u00e1stica y Est\u00e9tica en Bogot\u00e1 Colombia","article_modified_time":"2022-05-16T21:47:28+00:00","og_image":[{"url":"https:\/\/draximenavila.com\/wp-content\/uploads\/2022\/01\/Liposuction21.png","type":"","width":"","height":""}],"twitter_card":"summary_large_image","twitter_misc":{"Est. reading time":"1 minute"},"schema":{"@context":"https:\/\/schema.org","@graph":[{"@type":"WebPage","@id":"https:\/\/draximenavila.com\/index.php\/body-surgery\/","url":"https:\/\/draximenavila.com\/index.php\/body-surgery\/","name":"Body Surgery | Cirugia Pl\u00e1stica y Est\u00e9tica en Bogot\u00e1 Colombia","isPartOf":{"@id":"https:\/\/draximenavila.com\/#website"},"primaryImageOfPage":{"@id":"https:\/\/draximenavila.com\/index.php\/body-surgery\/#primaryimage"},"image":{"@id":"https:\/\/draximenavila.com\/index.php\/body-surgery\/#primaryimage"},"thumbnailUrl":"https:\/\/draximenavila.com\/wp-content\/uploads\/2022\/01\/Liposuction21.png","datePublished":"2016-02-12T08:12:49+00:00","dateModified":"2022-05-16T21:47:28+00:00","breadcrumb":{"@id":"https:\/\/draximenavila.com\/index.php\/body-surgery\/#breadcrumb"},"inLanguage":"en-US","potentialAction":[{"@type":"ReadAction","target":["https:\/\/draximenavila.com\/index.php\/body-surgery\/"]}]},{"@type":"ImageObject","inLanguage":"en-US","@id":"https:\/\/draximenavila.com\/index.php\/body-surgery\/#primaryimage","url":"https:\/\/draximenavila.com\/wp-content\/uploads\/2022\/01\/Liposuction21.png","contentUrl":"https:\/\/draximenavila.com\/wp-content\/uploads\/2022\/01\/Liposuction21.png","width":400,"height":340,"caption":"Photo by Anna Shvets from Pexels"},{"@type":"BreadcrumbList","@id":"https:\/\/draximenavila.com\/index.php\/body-surgery\/#breadcrumb","itemListElement":[{"@type":"ListItem","position":1,"name":"Home","item":"https:\/\/draximenavila.com\/"},{"@type":"ListItem","position":2,"name":"Body Surgery"}]},{"@type":"WebSite","@id":"https:\/\/draximenavila.com\/#website","url":"https:\/\/draximenavila.com\/","name":"Cirugia Pl\u00e1stica y Est\u00e9tica en Bogot\u00e1 Colombia","description":"Tummy tuck, Ear surgery and Hair implant","publisher":{"@id":"https:\/\/draximenavila.com\/#organization"},"potentialAction":[{"@type":"SearchAction","target":{"@type":"EntryPoint","urlTemplate":"https:\/\/draximenavila.com\/?s={search_term_string}"},"query-input":{"@type":"PropertyValueSpecification","valueRequired":true,"valueName":"search_term_string"}}],"inLanguage":"en-US"},{"@type":"Organization","@id":"https:\/\/draximenavila.com\/#organization","name":"Medical office of Dr. Elsa Ximena Avila Ferreira","url":"https:\/\/draximenavila.com\/","logo":{"@type":"ImageObject","inLanguage":"en-US","@id":"https:\/\/draximenavila.com\/#\/schema\/logo\/image\/","url":"https:\/\/draximenavila.com\/wp-content\/uploads\/2022\/04\/cropped-Logo_Dra_Xime_recortado-removebg-SESP.png","contentUrl":"https:\/\/draximenavila.com\/wp-content\/uploads\/2022\/04\/cropped-Logo_Dra_Xime_recortado-removebg-SESP.png","width":285,"height":214,"caption":"Medical office of Dr. Elsa Ximena Avila Ferreira"},"image":{"@id":"https:\/\/draximenavila.com\/#\/schema\/logo\/image\/"}}]}},"_links":{"self":[{"href":"https:\/\/draximenavila.com\/index.php\/wp-json\/wp\/v2\/pages\/1371","targetHints":{"allow":["GET"]}}],"collection":[{"href":"https:\/\/draximenavila.com\/index.php\/wp-json\/wp\/v2\/pages"}],"about":[{"href":"https:\/\/draximenavila.com\/index.php\/wp-json\/wp\/v2\/types\/page"}],"author":[{"embeddable":true,"href":"https:\/\/draximenavila.com\/index.php\/wp-json\/wp\/v2\/users\/2"}],"replies":[{"embeddable":true,"href":"https:\/\/draximenavila.com\/index.php\/wp-json\/wp\/v2\/comments?post=1371"}],"version-history":[{"count":67,"href":"https:\/\/draximenavila.com\/index.php\/wp-json\/wp\/v2\/pages\/1371\/revisions"}],"predecessor-version":[{"id":2590,"href":"https:\/\/draximenavila.com\/index.php\/wp-json\/wp\/v2\/pages\/1371\/revisions\/2590"}],"wp:attachment":[{"href":"https:\/\/draximenavila.com\/index.php\/wp-json\/wp\/v2\/media?parent=1371"}],"curies":[{"name":"wp","href":"https:\/\/api.w.org\/{rel}","templated":true}]}}