{"id":1372,"date":"2016-02-12T08:13:06","date_gmt":"2016-02-12T08:13:06","guid":{"rendered":"http:\/\/demos.famethemes.com\/onepress\/?page_id=24"},"modified":"2025-07-29T21:51:32","modified_gmt":"2025-07-29T21:51:32","slug":"service-title-2","status":"publish","type":"page","link":"https:\/\/draximenavila.com\/index.php\/service-title-2\/","title":{"rendered":"Other plastic surgeries"},"content":{"rendered":"<div id=\"pl-gb1372-69ff3599594c3\"  class=\"panel-layout wp-block-siteorigin-panels-layout-block\" ><div id=\"pg-gb1372-69ff3599594c3-0\"  class=\"panel-grid panel-no-style\" ><div id=\"pgc-gb1372-69ff3599594c3-0-0\"  class=\"panel-grid-cell\" ><div id=\"panel-gb1372-69ff3599594c3-0-0-0\" class=\"so-panel widget widget_sow-image panel-first-child panel-last-child\" data-index=\"0\" ><div\n\t\t\t\n\t\t\tclass=\"so-widget-sow-image so-widget-sow-image-default-113ccd71f3e6-1372\"\n\t\t\t\n\t\t><\/div><\/div><\/div><div id=\"pgc-gb1372-69ff3599594c3-0-1\"  class=\"panel-grid-cell\" ><div id=\"panel-gb1372-69ff3599594c3-0-1-0\" class=\"so-panel widget widget_sow-editor panel-first-child panel-last-child\" data-index=\"1\" ><div\n\t\t\t\n\t\t\tclass=\"so-widget-sow-editor so-widget-sow-editor-base\"\n\t\t\t\n\t\t><h3 class=\"widget-title\">Mentoplasty<\/h3>\n<div class=\"siteorigin-widget-tinymce textwidget\">\n\t<p><span style=\"color: #333333;\">plastic <a class=\"ref type-def\" style=\"color: #333333;\" title=\"Definition of surgery\" href=\"https:\/\/www.collinsdictionary.com\/dictionary\/english\/surgery\">surgery<\/a> to correct a <a class=\"ref type-def\" style=\"color: #333333;\" title=\"Definition of functional\" href=\"https:\/\/www.collinsdictionary.com\/dictionary\/english\/functional\">functional<\/a> or cosmetic <a class=\"ref type-def\" style=\"color: #333333;\" title=\"Definition of deformity\" href=\"https:\/\/www.collinsdictionary.com\/dictionary\/english\/deformity\">deformity<\/a> of the <a class=\"ref type-def\" style=\"color: #333333;\" title=\"Definition of chin\" href=\"https:\/\/www.collinsdictionary.com\/dictionary\/english\/chin\">chin.<\/a><\/span><\/p>\n<\/div>\n<\/div><\/div><\/div><div id=\"pgc-gb1372-69ff3599594c3-0-2\"  class=\"panel-grid-cell\" ><div id=\"panel-gb1372-69ff3599594c3-0-2-0\" class=\"so-panel widget widget_sow-image panel-first-child panel-last-child\" data-index=\"2\" ><div\n\t\t\t\n\t\t\tclass=\"so-widget-sow-image so-widget-sow-image-default-113ccd71f3e6-1372\"\n\t\t\t\n\t\t><\/div><\/div><\/div><div id=\"pgc-gb1372-69ff3599594c3-0-3\"  class=\"panel-grid-cell\" ><div id=\"panel-gb1372-69ff3599594c3-0-3-0\" class=\"so-panel widget widget_sow-editor panel-first-child panel-last-child\" data-index=\"3\" ><div\n\t\t\t\n\t\t\tclass=\"so-widget-sow-editor so-widget-sow-editor-base\"\n\t\t\t\n\t\t><h3 class=\"widget-title\">Bichectomy<\/h3>\n<div class=\"siteorigin-widget-tinymce textwidget\">\n\t<p><span style=\"color: #333333;\">A bichectomy is a surgical procedure in which the buccal fat pads are removed from your cheeks, creating a <a style=\"color: #333333;\" href=\"https:\/\/nazarianplasticsurgery.com\/gallery\/\">more sculpted look<\/a> for the face.<\/span><\/p>\n<\/div>\n<\/div><\/div><\/div><\/div><div id=\"pg-gb1372-69ff3599594c3-1\"  class=\"panel-grid panel-no-style\" ><div id=\"pgc-gb1372-69ff3599594c3-1-0\"  class=\"panel-grid-cell\" ><div id=\"panel-gb1372-69ff3599594c3-1-0-0\" class=\"so-panel widget widget_sow-editor panel-first-child panel-last-child\" data-index=\"4\" ><div\n\t\t\t\n\t\t\tclass=\"so-widget-sow-editor so-widget-sow-editor-base\"\n\t\t\t\n\t\t><h3 class=\"widget-title\">Rhinoseptoplasty<\/h3>\n<div class=\"siteorigin-widget-tinymce textwidget\">\n\t<p><span class=\"ILfuVd\" style=\"color: #333333;\"><span class=\"hgKElc\">Rhinoseptoplasty, also known as septorhinoplasty, is a nose job procedure that makes cosmetic changes while helping realign a malformed nasal septum.<\/span><\/span><\/p>\n<\/div>\n<\/div><\/div><\/div><div id=\"pgc-gb1372-69ff3599594c3-1-1\"  class=\"panel-grid-cell\" ><div id=\"panel-gb1372-69ff3599594c3-1-1-0\" class=\"so-panel widget widget_sow-image panel-first-child panel-last-child\" data-index=\"5\" ><div\n\t\t\t\n\t\t\tclass=\"so-widget-sow-image so-widget-sow-image-default-113ccd71f3e6-1372\"\n\t\t\t\n\t\t><\/div><\/div><\/div><div id=\"pgc-gb1372-69ff3599594c3-1-2\"  class=\"panel-grid-cell\" ><div id=\"panel-gb1372-69ff3599594c3-1-2-0\" class=\"so-panel widget widget_sow-editor panel-first-child panel-last-child\" data-index=\"6\" ><div\n\t\t\t\n\t\t\tclass=\"so-widget-sow-editor so-widget-sow-editor-base\"\n\t\t\t\n\t\t><h3 class=\"widget-title\">Rhinoplasty<\/h3>\n<div class=\"siteorigin-widget-tinymce textwidget\">\n\t<p><span class=\"ILfuVd\" style=\"color: #333333;\"><span class=\"hgKElc\">Plastic surgery on the nose usually for cosmetic purposes.<\/span><\/span><\/p>\n<\/div>\n<\/div><\/div><\/div><div id=\"pgc-gb1372-69ff3599594c3-1-3\"  class=\"panel-grid-cell\" ><div id=\"panel-gb1372-69ff3599594c3-1-3-0\" class=\"so-panel widget widget_sow-image panel-first-child panel-last-child\" data-index=\"7\" ><div\n\t\t\t\n\t\t\tclass=\"so-widget-sow-image so-widget-sow-image-default-113ccd71f3e6-1372\"\n\t\t\t\n\t\t>\n<div class=\"sow-image-container\">\n\t\t<img \n\tdata-src=\"https:\/\/draximenavila.com\/wp-content\/uploads\/2022\/01\/Rhinoplaty1.png\" width=\"400\" height=\"340\" data-srcset=\"https:\/\/draximenavila.com\/wp-content\/uploads\/2022\/01\/Rhinoplaty1.png 400w, https:\/\/draximenavila.com\/wp-content\/uploads\/2022\/01\/Rhinoplaty1-300x255.png 300w, https:\/\/draximenavila.com\/wp-content\/uploads\/2022\/01\/Rhinoplaty1-20x17.png 20w\" data-sizes=\"(max-width: 400px) 100vw, 400px\" title=\"Rhinoplasty\" alt=\"\" \t\tclass=\"so-widget-image lazyload\" src=\"data:image\/svg+xml;base64,PHN2ZyB3aWR0aD0iMSIgaGVpZ2h0PSIxIiB4bWxucz0iaHR0cDovL3d3dy53My5vcmcvMjAwMC9zdmciPjwvc3ZnPg==\" style=\"--smush-placeholder-width: 400px; --smush-placeholder-aspect-ratio: 400\/340;\" \/>\n\t<\/div>\n\n<\/div><\/div><\/div><\/div><div id=\"pg-gb1372-69ff3599594c3-2\"  class=\"panel-grid panel-no-style\" ><div id=\"pgc-gb1372-69ff3599594c3-2-0\"  class=\"panel-grid-cell\" ><div id=\"panel-gb1372-69ff3599594c3-2-0-0\" class=\"so-panel widget widget_sow-image panel-first-child panel-last-child\" data-index=\"8\" ><div\n\t\t\t\n\t\t\tclass=\"so-widget-sow-image so-widget-sow-image-default-113ccd71f3e6-1372\"\n\t\t\t\n\t\t><\/div><\/div><\/div><div id=\"pgc-gb1372-69ff3599594c3-2-1\"  class=\"panel-grid-cell\" ><div id=\"panel-gb1372-69ff3599594c3-2-1-0\" class=\"so-panel widget widget_sow-editor panel-first-child panel-last-child\" data-index=\"9\" ><div\n\t\t\t\n\t\t\tclass=\"so-widget-sow-editor so-widget-sow-editor-base\"\n\t\t\t\n\t\t><h3 class=\"widget-title\">Blepharoplasty<\/h3>\n<div class=\"siteorigin-widget-tinymce textwidget\">\n\t<p><span class=\"sb-0\" style=\"color: #333333;\"><span class=\"dt \"><span class=\"dtText\">Plastic surgery on the eyelid specially to remove fatty or excess tissue<\/span><\/span><\/span><\/p>\n<\/div>\n<\/div><\/div><\/div><div id=\"pgc-gb1372-69ff3599594c3-2-2\"  class=\"panel-grid-cell\" ><div id=\"panel-gb1372-69ff3599594c3-2-2-0\" class=\"so-panel widget widget_sow-image panel-first-child panel-last-child\" data-index=\"10\" ><div\n\t\t\t\n\t\t\tclass=\"so-widget-sow-image so-widget-sow-image-default-113ccd71f3e6-1372\"\n\t\t\t\n\t\t><\/div><\/div><\/div><div id=\"pgc-gb1372-69ff3599594c3-2-3\"  class=\"panel-grid-cell\" ><div id=\"panel-gb1372-69ff3599594c3-2-3-0\" class=\"so-panel widget widget_sow-editor panel-first-child panel-last-child\" data-index=\"11\" ><div\n\t\t\t\n\t\t\tclass=\"so-widget-sow-editor so-widget-sow-editor-base\"\n\t\t\t\n\t\t><h3 class=\"widget-title\">Rhytidoplasty<\/h3>\n<div class=\"siteorigin-widget-tinymce textwidget\">\n\t<p><span class=\"ILfuVd\" style=\"color: #333333;\"><span class=\"hgKElc\">Plastic surgery to remove wrinkles and other signs of aging from your face; an incision is made near the hair line and skin is pulled back and excess tissue is excised. synonyms: cosmetic surgery, face lift, face lifting, facelift, lift, nip and tuck, rhytidectomy.<\/span><\/span><\/p>\n<\/div>\n<\/div><\/div><\/div><\/div><div id=\"pg-gb1372-69ff3599594c3-3\"  class=\"panel-grid panel-no-style\" ><div id=\"pgc-gb1372-69ff3599594c3-3-0\"  class=\"panel-grid-cell\" ><div id=\"panel-gb1372-69ff3599594c3-3-0-0\" class=\"so-panel widget widget_sow-editor panel-first-child panel-last-child\" data-index=\"12\" ><div\n\t\t\t\n\t\t\tclass=\"so-widget-sow-editor so-widget-sow-editor-base\"\n\t\t\t\n\t\t><h3 class=\"widget-title\">Lobuloplasty<\/h3>\n<div class=\"siteorigin-widget-tinymce textwidget\">\n\t<p><span style=\"color: #333333;\">Lobuloplasty or earlobe surgery consists of repairing the tearing of the earlobe resulting from an abrupt pull, from the continuous use of heavy earrings, or simply as a consequence of the passing of years. Its purpose is to correct the damage, but also to provide a younger image and to be able to use earrings again without the drooping effect.<\/span><\/p>\n<\/div>\n<\/div><\/div><\/div><div id=\"pgc-gb1372-69ff3599594c3-3-1\"  class=\"panel-grid-cell\" ><div id=\"panel-gb1372-69ff3599594c3-3-1-0\" class=\"so-panel widget widget_sow-image panel-first-child panel-last-child\" data-index=\"13\" ><div\n\t\t\t\n\t\t\tclass=\"so-widget-sow-image so-widget-sow-image-default-113ccd71f3e6-1372\"\n\t\t\t\n\t\t><\/div><\/div><\/div><div id=\"pgc-gb1372-69ff3599594c3-3-2\"  class=\"panel-grid-cell\" ><div id=\"panel-gb1372-69ff3599594c3-3-2-0\" class=\"so-panel widget widget_sow-editor panel-first-child panel-last-child\" data-index=\"14\" ><div\n\t\t\t\n\t\t\tclass=\"so-widget-sow-editor so-widget-sow-editor-base\"\n\t\t\t\n\t\t><h3 class=\"widget-title\">Otoplasty<\/h3>\n<div class=\"siteorigin-widget-tinymce textwidget\">\n\t<p><span style=\"color: #333333;\">A surgical operation to restore or enhance the appearance of an ear or the ears.<\/span><\/p>\n<\/div>\n<\/div><\/div><\/div><div id=\"pgc-gb1372-69ff3599594c3-3-3\"  class=\"panel-grid-cell\" ><div id=\"panel-gb1372-69ff3599594c3-3-3-0\" class=\"so-panel widget widget_sow-image panel-first-child panel-last-child\" data-index=\"15\" ><div\n\t\t\t\n\t\t\tclass=\"so-widget-sow-image so-widget-sow-image-default-113ccd71f3e6-1372\"\n\t\t\t\n\t\t><\/div><\/div><\/div><\/div><div id=\"pg-gb1372-69ff3599594c3-4\"  class=\"panel-grid panel-no-style\" ><div id=\"pgc-gb1372-69ff3599594c3-4-0\"  class=\"panel-grid-cell\" ><div id=\"panel-gb1372-69ff3599594c3-4-0-0\" class=\"so-panel widget widget_sow-image panel-first-child panel-last-child\" data-index=\"16\" ><div\n\t\t\t\n\t\t\tclass=\"so-widget-sow-image so-widget-sow-image-default-113ccd71f3e6-1372\"\n\t\t\t\n\t\t><\/div><\/div><\/div><div id=\"pgc-gb1372-69ff3599594c3-4-1\"  class=\"panel-grid-cell\" ><div id=\"panel-gb1372-69ff3599594c3-4-1-0\" class=\"so-panel widget widget_sow-editor panel-first-child panel-last-child\" data-index=\"17\" ><div\n\t\t\t\n\t\t\tclass=\"so-widget-sow-editor so-widget-sow-editor-base\"\n\t\t\t\n\t\t><h3 class=\"widget-title\">Eyebrow pexy<\/h3>\n<div class=\"siteorigin-widget-tinymce textwidget\">\n\t<p>Descripcion de Ejebrow pexy<\/p>\n<\/div>\n<\/div><\/div><\/div><div id=\"pgc-gb1372-69ff3599594c3-4-2\"  class=\"panel-grid-cell\" ><div id=\"panel-gb1372-69ff3599594c3-4-2-0\" class=\"so-panel widget widget_sow-image panel-first-child panel-last-child\" data-index=\"18\" ><div\n\t\t\t\n\t\t\tclass=\"so-widget-sow-image so-widget-sow-image-default-113ccd71f3e6-1372\"\n\t\t\t\n\t\t><\/div><\/div><\/div><div id=\"pgc-gb1372-69ff3599594c3-4-3\"  class=\"panel-grid-cell\" ><div id=\"panel-gb1372-69ff3599594c3-4-3-0\" class=\"so-panel widget widget_sow-editor panel-first-child panel-last-child\" data-index=\"19\" ><div\n\t\t\t\n\t\t\tclass=\"so-widget-sow-editor so-widget-sow-editor-base\"\n\t\t\t\n\t\t><h3 class=\"widget-title\">Hair Trasnplant<\/h3>\n<div class=\"siteorigin-widget-tinymce textwidget\">\n\t<p><span style=\"color: #333333;\">Hair transplantation is a <a style=\"color: #333333;\" title=\"Surgery\" href=\"https:\/\/en.wikipedia.org\/wiki\/Surgery\">surgical<\/a> technique that removes <a style=\"color: #333333;\" title=\"Hair follicle\" href=\"https:\/\/en.wikipedia.org\/wiki\/Hair_follicle\">hair follicles<\/a> from one part of the body, called the &#8216;donor site&#8217;, to a bald or balding part of the body known as the &#8216;recipient site&#8217;.<\/span><\/p>\n<\/div>\n<\/div><\/div><\/div><\/div><div id=\"pg-gb1372-69ff3599594c3-5\"  class=\"panel-grid panel-no-style\" ><div id=\"pgc-gb1372-69ff3599594c3-5-0\"  class=\"panel-grid-cell\" ><div id=\"panel-gb1372-69ff3599594c3-5-0-0\" class=\"so-panel widget widget_sow-image panel-first-child panel-last-child\" data-index=\"20\" ><div\n\t\t\t\n\t\t\tclass=\"so-widget-sow-image so-widget-sow-image-default-113ccd71f3e6-1372\"\n\t\t\t\n\t\t><\/div><\/div><\/div><div id=\"pgc-gb1372-69ff3599594c3-5-1\"  class=\"panel-grid-cell\" ><div id=\"panel-gb1372-69ff3599594c3-5-1-0\" class=\"so-panel widget widget_sow-editor panel-first-child panel-last-child\" data-index=\"21\" ><div\n\t\t\t\n\t\t\tclass=\"so-widget-sow-editor so-widget-sow-editor-base\"\n\t\t\t\n\t\t>\n<div class=\"siteorigin-widget-tinymce textwidget\">\n\t<p>Description of Bio polymer removal<\/p>\n<\/div>\n<\/div><\/div><\/div><div id=\"pgc-gb1372-69ff3599594c3-5-2\"  class=\"panel-grid-cell panel-grid-cell-empty panel-grid-cell-mobile-last\" ><\/div><div id=\"pgc-gb1372-69ff3599594c3-5-3\"  class=\"panel-grid-cell panel-grid-cell-empty\" ><\/div><\/div><\/div>\n\n\n<p><\/p>\n\n\n\n<p><\/p>\n\n\n\n<p><\/p>\n","protected":false},"excerpt":{"rendered":"<p>Our patients for facial surgery can receive procedures such as rhinoplasty &#8211; rhinoseptoplasty, mentoplasty, bichectomy, blepharoplasty, rhytidoplasty, otoplasty, lobuloplasty, eyebrow pexy , hair transplant and biopolymer Removal, among others.<\/p>\n","protected":false},"author":2,"featured_media":0,"parent":0,"menu_order":0,"comment_status":"closed","ping_status":"closed","template":"template-fullwidth.php","meta":{"footnotes":""},"class_list":["post-1372","page","type-page","status-publish","hentry"],"yoast_head":"<!-- This site is optimized with the Yoast SEO plugin v25.6 - https:\/\/yoast.com\/wordpress\/plugins\/seo\/ -->\n<title>Other plastic surgeries | Cirugia Pl\u00e1stica y Est\u00e9tica en Bogot\u00e1 Colombia<\/title>\n<meta name=\"robots\" content=\"index, follow, max-snippet:-1, max-image-preview:large, max-video-preview:-1\" \/>\n<link rel=\"canonical\" href=\"https:\/\/draximenavila.com\/index.php\/service-title-2\/\" \/>\n<meta property=\"og:locale\" content=\"en_US\" \/>\n<meta property=\"og:type\" content=\"article\" \/>\n<meta property=\"og:title\" content=\"Other plastic surgeries | Cirugia Pl\u00e1stica y Est\u00e9tica en Bogot\u00e1 Colombia\" \/>\n<meta property=\"og:description\" content=\"Our patients for facial surgery can receive procedures such as rhinoplasty - rhinoseptoplasty, mentoplasty, bichectomy, blepharoplasty, rhytidoplasty, otoplasty, lobuloplasty, eyebrow pexy , hair transplant and biopolymer Removal, among others.\" \/>\n<meta property=\"og:url\" content=\"https:\/\/draximenavila.com\/index.php\/service-title-2\/\" \/>\n<meta property=\"og:site_name\" content=\"Cirugia Pl\u00e1stica y Est\u00e9tica en Bogot\u00e1 Colombia\" \/>\n<meta property=\"article:modified_time\" content=\"2025-07-29T21:51:32+00:00\" \/>\n<meta name=\"twitter:card\" content=\"summary_large_image\" \/>\n<script type=\"application\/ld+json\" class=\"yoast-schema-graph\">{\"@context\":\"https:\/\/schema.org\",\"@graph\":[{\"@type\":\"WebPage\",\"@id\":\"https:\/\/draximenavila.com\/index.php\/service-title-2\/\",\"url\":\"https:\/\/draximenavila.com\/index.php\/service-title-2\/\",\"name\":\"Other plastic surgeries | Cirugia Pl\u00e1stica y Est\u00e9tica en Bogot\u00e1 Colombia\",\"isPartOf\":{\"@id\":\"https:\/\/draximenavila.com\/#website\"},\"datePublished\":\"2016-02-12T08:13:06+00:00\",\"dateModified\":\"2025-07-29T21:51:32+00:00\",\"breadcrumb\":{\"@id\":\"https:\/\/draximenavila.com\/index.php\/service-title-2\/#breadcrumb\"},\"inLanguage\":\"en-US\",\"potentialAction\":[{\"@type\":\"ReadAction\",\"target\":[\"https:\/\/draximenavila.com\/index.php\/service-title-2\/\"]}]},{\"@type\":\"BreadcrumbList\",\"@id\":\"https:\/\/draximenavila.com\/index.php\/service-title-2\/#breadcrumb\",\"itemListElement\":[{\"@type\":\"ListItem\",\"position\":1,\"name\":\"Home\",\"item\":\"https:\/\/draximenavila.com\/\"},{\"@type\":\"ListItem\",\"position\":2,\"name\":\"Other plastic surgeries\"}]},{\"@type\":\"WebSite\",\"@id\":\"https:\/\/draximenavila.com\/#website\",\"url\":\"https:\/\/draximenavila.com\/\",\"name\":\"Cirugia Pl\u00e1stica y Est\u00e9tica en Bogot\u00e1 Colombia\",\"description\":\"Tummy tuck, Ear surgery and Hair implant\",\"publisher\":{\"@id\":\"https:\/\/draximenavila.com\/#organization\"},\"potentialAction\":[{\"@type\":\"SearchAction\",\"target\":{\"@type\":\"EntryPoint\",\"urlTemplate\":\"https:\/\/draximenavila.com\/?s={search_term_string}\"},\"query-input\":{\"@type\":\"PropertyValueSpecification\",\"valueRequired\":true,\"valueName\":\"search_term_string\"}}],\"inLanguage\":\"en-US\"},{\"@type\":\"Organization\",\"@id\":\"https:\/\/draximenavila.com\/#organization\",\"name\":\"Medical office of Dr. Elsa Ximena Avila Ferreira\",\"url\":\"https:\/\/draximenavila.com\/\",\"logo\":{\"@type\":\"ImageObject\",\"inLanguage\":\"en-US\",\"@id\":\"https:\/\/draximenavila.com\/#\/schema\/logo\/image\/\",\"url\":\"https:\/\/draximenavila.com\/wp-content\/uploads\/2022\/04\/cropped-Logo_Dra_Xime_recortado-removebg-SESP.png\",\"contentUrl\":\"https:\/\/draximenavila.com\/wp-content\/uploads\/2022\/04\/cropped-Logo_Dra_Xime_recortado-removebg-SESP.png\",\"width\":285,\"height\":214,\"caption\":\"Medical office of Dr. Elsa Ximena Avila Ferreira\"},\"image\":{\"@id\":\"https:\/\/draximenavila.com\/#\/schema\/logo\/image\/\"}}]}<\/script>\n<!-- \/ Yoast SEO plugin. -->","yoast_head_json":{"title":"Other plastic surgeries | Cirugia Pl\u00e1stica y Est\u00e9tica en Bogot\u00e1 Colombia","robots":{"index":"index","follow":"follow","max-snippet":"max-snippet:-1","max-image-preview":"max-image-preview:large","max-video-preview":"max-video-preview:-1"},"canonical":"https:\/\/draximenavila.com\/index.php\/service-title-2\/","og_locale":"en_US","og_type":"article","og_title":"Other plastic surgeries | Cirugia Pl\u00e1stica y Est\u00e9tica en Bogot\u00e1 Colombia","og_description":"Our patients for facial surgery can receive procedures such as rhinoplasty - rhinoseptoplasty, mentoplasty, bichectomy, blepharoplasty, rhytidoplasty, otoplasty, lobuloplasty, eyebrow pexy , hair transplant and biopolymer Removal, among others.","og_url":"https:\/\/draximenavila.com\/index.php\/service-title-2\/","og_site_name":"Cirugia Pl\u00e1stica y Est\u00e9tica en Bogot\u00e1 Colombia","article_modified_time":"2025-07-29T21:51:32+00:00","twitter_card":"summary_large_image","schema":{"@context":"https:\/\/schema.org","@graph":[{"@type":"WebPage","@id":"https:\/\/draximenavila.com\/index.php\/service-title-2\/","url":"https:\/\/draximenavila.com\/index.php\/service-title-2\/","name":"Other plastic surgeries | Cirugia Pl\u00e1stica y Est\u00e9tica en Bogot\u00e1 Colombia","isPartOf":{"@id":"https:\/\/draximenavila.com\/#website"},"datePublished":"2016-02-12T08:13:06+00:00","dateModified":"2025-07-29T21:51:32+00:00","breadcrumb":{"@id":"https:\/\/draximenavila.com\/index.php\/service-title-2\/#breadcrumb"},"inLanguage":"en-US","potentialAction":[{"@type":"ReadAction","target":["https:\/\/draximenavila.com\/index.php\/service-title-2\/"]}]},{"@type":"BreadcrumbList","@id":"https:\/\/draximenavila.com\/index.php\/service-title-2\/#breadcrumb","itemListElement":[{"@type":"ListItem","position":1,"name":"Home","item":"https:\/\/draximenavila.com\/"},{"@type":"ListItem","position":2,"name":"Other plastic surgeries"}]},{"@type":"WebSite","@id":"https:\/\/draximenavila.com\/#website","url":"https:\/\/draximenavila.com\/","name":"Cirugia Pl\u00e1stica y Est\u00e9tica en Bogot\u00e1 Colombia","description":"Tummy tuck, Ear surgery and Hair implant","publisher":{"@id":"https:\/\/draximenavila.com\/#organization"},"potentialAction":[{"@type":"SearchAction","target":{"@type":"EntryPoint","urlTemplate":"https:\/\/draximenavila.com\/?s={search_term_string}"},"query-input":{"@type":"PropertyValueSpecification","valueRequired":true,"valueName":"search_term_string"}}],"inLanguage":"en-US"},{"@type":"Organization","@id":"https:\/\/draximenavila.com\/#organization","name":"Medical office of Dr. Elsa Ximena Avila Ferreira","url":"https:\/\/draximenavila.com\/","logo":{"@type":"ImageObject","inLanguage":"en-US","@id":"https:\/\/draximenavila.com\/#\/schema\/logo\/image\/","url":"https:\/\/draximenavila.com\/wp-content\/uploads\/2022\/04\/cropped-Logo_Dra_Xime_recortado-removebg-SESP.png","contentUrl":"https:\/\/draximenavila.com\/wp-content\/uploads\/2022\/04\/cropped-Logo_Dra_Xime_recortado-removebg-SESP.png","width":285,"height":214,"caption":"Medical office of Dr. Elsa Ximena Avila Ferreira"},"image":{"@id":"https:\/\/draximenavila.com\/#\/schema\/logo\/image\/"}}]}},"_links":{"self":[{"href":"https:\/\/draximenavila.com\/index.php\/wp-json\/wp\/v2\/pages\/1372","targetHints":{"allow":["GET"]}}],"collection":[{"href":"https:\/\/draximenavila.com\/index.php\/wp-json\/wp\/v2\/pages"}],"about":[{"href":"https:\/\/draximenavila.com\/index.php\/wp-json\/wp\/v2\/types\/page"}],"author":[{"embeddable":true,"href":"https:\/\/draximenavila.com\/index.php\/wp-json\/wp\/v2\/users\/2"}],"replies":[{"embeddable":true,"href":"https:\/\/draximenavila.com\/index.php\/wp-json\/wp\/v2\/comments?post=1372"}],"version-history":[{"count":58,"href":"https:\/\/draximenavila.com\/index.php\/wp-json\/wp\/v2\/pages\/1372\/revisions"}],"predecessor-version":[{"id":2859,"href":"https:\/\/draximenavila.com\/index.php\/wp-json\/wp\/v2\/pages\/1372\/revisions\/2859"}],"wp:attachment":[{"href":"https:\/\/draximenavila.com\/index.php\/wp-json\/wp\/v2\/media?parent=1372"}],"curies":[{"name":"wp","href":"https:\/\/api.w.org\/{rel}","templated":true}]}}