{"id":1373,"date":"2016-02-12T08:13:22","date_gmt":"2016-02-12T08:13:22","guid":{"rendered":"http:\/\/demos.famethemes.com\/onepress\/?page_id=25"},"modified":"2022-05-16T22:21:06","modified_gmt":"2022-05-16T22:21:06","slug":"service-title-3","status":"publish","type":"page","link":"https:\/\/draximenavila.com\/index.php\/service-title-3\/","title":{"rendered":"Reconstructive surgery"},"content":{"rendered":"<p>Reconstructive surgery is performed in patients who have suffered trauma, have malformations and it is necessary to perform a facial or body reconstruction to anatomically restore the body&#8217;s structures or improve them.<br \/>\nWithin reconstructive surgery there are procedures such as removal of tumors, either skin or breast, among others there are cleft lip and palate, breast reconstruction, craniosynostosis, ulcers, etc.<\/p>\n","protected":false},"excerpt":{"rendered":"<p>Reconstructive surgery is performed in patients who have suffered trauma, have malformations and it is necessary to perform a facial or body reconstruction to anatomically restore the body&#8217;s structures or improve them.<br \/>\nWithin reconstructive surgery there are procedures such as removal of tumors, either skin or breast, among others there are cleft lip and palate, breast reconstruction, craniosynostosis, ulcers, etc..<\/p>\n","protected":false},"author":2,"featured_media":0,"parent":0,"menu_order":0,"comment_status":"closed","ping_status":"closed","template":"","meta":{"footnotes":""},"class_list":["post-1373","page","type-page","status-publish","hentry"],"yoast_head":"<!-- This site is optimized with the Yoast SEO plugin v25.6 - https:\/\/yoast.com\/wordpress\/plugins\/seo\/ -->\n<title>Reconstructive surgery | Cirugia Pl\u00e1stica y Est\u00e9tica en Bogot\u00e1 Colombia<\/title>\n<meta name=\"robots\" content=\"index, follow, max-snippet:-1, max-image-preview:large, max-video-preview:-1\" \/>\n<link rel=\"canonical\" href=\"https:\/\/draximenavila.com\/index.php\/service-title-3\/\" \/>\n<meta property=\"og:locale\" content=\"en_US\" \/>\n<meta property=\"og:type\" content=\"article\" \/>\n<meta property=\"og:title\" content=\"Reconstructive surgery | Cirugia Pl\u00e1stica y Est\u00e9tica en Bogot\u00e1 Colombia\" \/>\n<meta property=\"og:description\" content=\"Reconstructive surgery is performed in patients who have suffered trauma, have malformations and it is necessary to perform a facial or body reconstruction to anatomically restore the body&#039;s structures or improve them. Within reconstructive surgery there are procedures such as removal of tumors, either skin or breast, among others there are cleft lip and palate, breast reconstruction, craniosynostosis, ulcers, etc..\" \/>\n<meta property=\"og:url\" content=\"https:\/\/draximenavila.com\/index.php\/service-title-3\/\" \/>\n<meta property=\"og:site_name\" content=\"Cirugia Pl\u00e1stica y Est\u00e9tica en Bogot\u00e1 Colombia\" \/>\n<meta property=\"article:modified_time\" content=\"2022-05-16T22:21:06+00:00\" \/>\n<meta name=\"twitter:card\" content=\"summary_large_image\" \/>\n<script type=\"application\/ld+json\" class=\"yoast-schema-graph\">{\"@context\":\"https:\/\/schema.org\",\"@graph\":[{\"@type\":\"WebPage\",\"@id\":\"https:\/\/draximenavila.com\/index.php\/service-title-3\/\",\"url\":\"https:\/\/draximenavila.com\/index.php\/service-title-3\/\",\"name\":\"Reconstructive surgery | Cirugia Pl\u00e1stica y Est\u00e9tica en Bogot\u00e1 Colombia\",\"isPartOf\":{\"@id\":\"https:\/\/draximenavila.com\/#website\"},\"datePublished\":\"2016-02-12T08:13:22+00:00\",\"dateModified\":\"2022-05-16T22:21:06+00:00\",\"breadcrumb\":{\"@id\":\"https:\/\/draximenavila.com\/index.php\/service-title-3\/#breadcrumb\"},\"inLanguage\":\"en-US\",\"potentialAction\":[{\"@type\":\"ReadAction\",\"target\":[\"https:\/\/draximenavila.com\/index.php\/service-title-3\/\"]}]},{\"@type\":\"BreadcrumbList\",\"@id\":\"https:\/\/draximenavila.com\/index.php\/service-title-3\/#breadcrumb\",\"itemListElement\":[{\"@type\":\"ListItem\",\"position\":1,\"name\":\"Home\",\"item\":\"https:\/\/draximenavila.com\/\"},{\"@type\":\"ListItem\",\"position\":2,\"name\":\"Reconstructive surgery\"}]},{\"@type\":\"WebSite\",\"@id\":\"https:\/\/draximenavila.com\/#website\",\"url\":\"https:\/\/draximenavila.com\/\",\"name\":\"Cirugia Pl\u00e1stica y Est\u00e9tica en Bogot\u00e1 Colombia\",\"description\":\"Tummy tuck, Ear surgery and Hair implant\",\"publisher\":{\"@id\":\"https:\/\/draximenavila.com\/#organization\"},\"potentialAction\":[{\"@type\":\"SearchAction\",\"target\":{\"@type\":\"EntryPoint\",\"urlTemplate\":\"https:\/\/draximenavila.com\/?s={search_term_string}\"},\"query-input\":{\"@type\":\"PropertyValueSpecification\",\"valueRequired\":true,\"valueName\":\"search_term_string\"}}],\"inLanguage\":\"en-US\"},{\"@type\":\"Organization\",\"@id\":\"https:\/\/draximenavila.com\/#organization\",\"name\":\"Medical office of Dr. Elsa Ximena Avila Ferreira\",\"url\":\"https:\/\/draximenavila.com\/\",\"logo\":{\"@type\":\"ImageObject\",\"inLanguage\":\"en-US\",\"@id\":\"https:\/\/draximenavila.com\/#\/schema\/logo\/image\/\",\"url\":\"https:\/\/draximenavila.com\/wp-content\/uploads\/2022\/04\/cropped-Logo_Dra_Xime_recortado-removebg-SESP.png\",\"contentUrl\":\"https:\/\/draximenavila.com\/wp-content\/uploads\/2022\/04\/cropped-Logo_Dra_Xime_recortado-removebg-SESP.png\",\"width\":285,\"height\":214,\"caption\":\"Medical office of Dr. Elsa Ximena Avila Ferreira\"},\"image\":{\"@id\":\"https:\/\/draximenavila.com\/#\/schema\/logo\/image\/\"}}]}<\/script>\n<!-- \/ Yoast SEO plugin. -->","yoast_head_json":{"title":"Reconstructive surgery | Cirugia Pl\u00e1stica y Est\u00e9tica en Bogot\u00e1 Colombia","robots":{"index":"index","follow":"follow","max-snippet":"max-snippet:-1","max-image-preview":"max-image-preview:large","max-video-preview":"max-video-preview:-1"},"canonical":"https:\/\/draximenavila.com\/index.php\/service-title-3\/","og_locale":"en_US","og_type":"article","og_title":"Reconstructive surgery | Cirugia Pl\u00e1stica y Est\u00e9tica en Bogot\u00e1 Colombia","og_description":"Reconstructive surgery is performed in patients who have suffered trauma, have malformations and it is necessary to perform a facial or body reconstruction to anatomically restore the body's structures or improve them. Within reconstructive surgery there are procedures such as removal of tumors, either skin or breast, among others there are cleft lip and palate, breast reconstruction, craniosynostosis, ulcers, etc..","og_url":"https:\/\/draximenavila.com\/index.php\/service-title-3\/","og_site_name":"Cirugia Pl\u00e1stica y Est\u00e9tica en Bogot\u00e1 Colombia","article_modified_time":"2022-05-16T22:21:06+00:00","twitter_card":"summary_large_image","schema":{"@context":"https:\/\/schema.org","@graph":[{"@type":"WebPage","@id":"https:\/\/draximenavila.com\/index.php\/service-title-3\/","url":"https:\/\/draximenavila.com\/index.php\/service-title-3\/","name":"Reconstructive surgery | Cirugia Pl\u00e1stica y Est\u00e9tica en Bogot\u00e1 Colombia","isPartOf":{"@id":"https:\/\/draximenavila.com\/#website"},"datePublished":"2016-02-12T08:13:22+00:00","dateModified":"2022-05-16T22:21:06+00:00","breadcrumb":{"@id":"https:\/\/draximenavila.com\/index.php\/service-title-3\/#breadcrumb"},"inLanguage":"en-US","potentialAction":[{"@type":"ReadAction","target":["https:\/\/draximenavila.com\/index.php\/service-title-3\/"]}]},{"@type":"BreadcrumbList","@id":"https:\/\/draximenavila.com\/index.php\/service-title-3\/#breadcrumb","itemListElement":[{"@type":"ListItem","position":1,"name":"Home","item":"https:\/\/draximenavila.com\/"},{"@type":"ListItem","position":2,"name":"Reconstructive surgery"}]},{"@type":"WebSite","@id":"https:\/\/draximenavila.com\/#website","url":"https:\/\/draximenavila.com\/","name":"Cirugia Pl\u00e1stica y Est\u00e9tica en Bogot\u00e1 Colombia","description":"Tummy tuck, Ear surgery and Hair implant","publisher":{"@id":"https:\/\/draximenavila.com\/#organization"},"potentialAction":[{"@type":"SearchAction","target":{"@type":"EntryPoint","urlTemplate":"https:\/\/draximenavila.com\/?s={search_term_string}"},"query-input":{"@type":"PropertyValueSpecification","valueRequired":true,"valueName":"search_term_string"}}],"inLanguage":"en-US"},{"@type":"Organization","@id":"https:\/\/draximenavila.com\/#organization","name":"Medical office of Dr. Elsa Ximena Avila Ferreira","url":"https:\/\/draximenavila.com\/","logo":{"@type":"ImageObject","inLanguage":"en-US","@id":"https:\/\/draximenavila.com\/#\/schema\/logo\/image\/","url":"https:\/\/draximenavila.com\/wp-content\/uploads\/2022\/04\/cropped-Logo_Dra_Xime_recortado-removebg-SESP.png","contentUrl":"https:\/\/draximenavila.com\/wp-content\/uploads\/2022\/04\/cropped-Logo_Dra_Xime_recortado-removebg-SESP.png","width":285,"height":214,"caption":"Medical office of Dr. Elsa Ximena Avila Ferreira"},"image":{"@id":"https:\/\/draximenavila.com\/#\/schema\/logo\/image\/"}}]}},"_links":{"self":[{"href":"https:\/\/draximenavila.com\/index.php\/wp-json\/wp\/v2\/pages\/1373","targetHints":{"allow":["GET"]}}],"collection":[{"href":"https:\/\/draximenavila.com\/index.php\/wp-json\/wp\/v2\/pages"}],"about":[{"href":"https:\/\/draximenavila.com\/index.php\/wp-json\/wp\/v2\/types\/page"}],"author":[{"embeddable":true,"href":"https:\/\/draximenavila.com\/index.php\/wp-json\/wp\/v2\/users\/2"}],"replies":[{"embeddable":true,"href":"https:\/\/draximenavila.com\/index.php\/wp-json\/wp\/v2\/comments?post=1373"}],"version-history":[{"count":7,"href":"https:\/\/draximenavila.com\/index.php\/wp-json\/wp\/v2\/pages\/1373\/revisions"}],"predecessor-version":[{"id":2089,"href":"https:\/\/draximenavila.com\/index.php\/wp-json\/wp\/v2\/pages\/1373\/revisions\/2089"}],"wp:attachment":[{"href":"https:\/\/draximenavila.com\/index.php\/wp-json\/wp\/v2\/media?parent=1373"}],"curies":[{"name":"wp","href":"https:\/\/api.w.org\/{rel}","templated":true}]}}