{"id":1740,"date":"2021-11-17T19:49:01","date_gmt":"2021-11-17T19:49:01","guid":{"rendered":"https:\/\/draximenavila.com\/?page_id=1740"},"modified":"2022-11-11T21:39:07","modified_gmt":"2022-11-11T21:39:07","slug":"dra-ximena-avila-ferreira","status":"publish","type":"page","link":"https:\/\/draximenavila.com\/index.php\/dra-ximena-avila-ferreira\/","title":{"rendered":"Dr. Ximena Avila Ferreira"},"content":{"rendered":"\n<h4 class=\"wp-block-heading\">CURRICULUM VITAE<\/h4>\n\n\n\n<p class=\"has-cyan-bluish-gray-color has-text-color\">DNI 94486266<br>REGISTRATION 140250<\/p>\n\n\n\n<p class=\"has-cyan-bluish-gray-color has-text-color\">E-MAIL. exaf@draximenavila.com<\/p>\n\n\n\n<p class=\"has-cyan-bluish-gray-color has-text-color\">Surgeon, Plastic Surgery of the University of Buenos Aires, Biological Physician and Public Health<\/p>\n\n\n\n<h4 class=\"wp-block-heading\">BASIC STUDIES<\/h4>\n\n\n\n<p class=\"has-cyan-bluish-gray-color has-text-color\">Primary school and high school:   National Pedagogical Institute<\/p>\n\n\n\n<h5 class=\"wp-block-heading\">UNIVERSITY:<\/h5>\n\n\n<ul>\n<li><span style=\"color: #999999;\">Plastic surgery &#8211; University of Buenos Aires &#8211; May 2015<\/span><\/li>\n<\/ul>\n\n\n<h5 class=\"wp-block-heading\">ROTATIONS:<\/h5>\n\n\n<ul>\n<li><span style=\"color: #999999;\">Burn patients department &#8211; Garrahan Hospital<\/span><\/li>\n<li><span style=\"color: #999999;\">Pediatrics department &#8211; Garrahan Hospital. <\/span><\/li>\n<li><span style=\"color: #999999;\">Cleft lip and palate &#8211; Garrahan Hospital, Argentina<\/span><\/li>\n<li><span style=\"color: #999999;\">Operation Smile &#8211; Colombia<\/span><\/li>\n<li><span style=\"color: #999999;\">Maxillofacial &#8211; Garrahan Hospital &#8211; Britannic Hospital<\/span><\/li>\n<li><span style=\"color: #999999;\">Lower limbs and rehabilitation &#8211; IREP, Institute of Physical Rehabilitation<\/span><\/li>\n<\/ul>\n<ul>\n<li><span style=\"color: #999999;\">Breast pathology &#8211; Roffo Oncological Hospital<\/span><\/li>\n<li><span style=\"color: #999999;\">Aesthetics &#8211; British Hospital, SantaF\u00e9 Foundation, Los Arcos Clinic, Cervi\u00f1o Medical Center<\/span><\/li>\n<\/ul>\n\n\n<p><\/p>\n\n\n\n<h5 class=\"wp-block-heading\">COURSES:<\/h5>\n\n\n<ul>\n<li><span style=\"color: #999999;\">Oculoplastics &#8211; German Hospital<\/span><\/li>\n<li><span style=\"color: #999999;\">Flaps &#8211; Argentine Catholic University<\/span><\/li>\n<li><span style=\"color: #999999;\">Rhinoplasty &#8211; G\u00fcemes Hospital<\/span><\/li>\n<li><span style=\"color: #999999;\">Lower members &#8211; IREP Rehabilitation Institute <\/span><\/li>\n<li><span style=\"color: #999999;\" lang=\"EN-US\">Refresher courses<br>in plastic surgery &#8211; Argentine Medical Association AMA 2.012 and 2.014<\/span><\/li>\n<li><span style=\"color: #999999;\">Burned 2013 &#8211; Garrahan Hospital<\/span><\/li>\n<li><span style=\"color: #999999;\" lang=\"EN-US\">Cleft lip and<br>palate 2013 &#8211; Operation Smile &#8211; Colombia<\/span><\/li>\n<li><span style=\"color: #999999;\">AMA residents 2014<\/span><\/li>\n<\/ul>\n<p><!-- \/wp:post-content --><!-- wp:paragraph {\"textColor\":\"cyan-bluish-gray\"} \/--><!-- wp:paragraph \/--><!-- \/wp:column --><!-- \/wp:columns --><!-- wp:heading {\"level\":5} --><\/p>\n<p><!-- wp:heading {\"level\":5} --><\/p>\n<h5>JOBS IN COMPETITION<\/h5>\n<p><!-- \/wp:heading --><\/p>\n<p><!-- wp:list --><\/p>\n<ul>\n<li><span style=\"color: #999999;\">Sacral Ulcer: A Reproducible Surgical Technique<\/span><\/li>\n<li><span style=\"color: #999999;\">Suture techniques in nasal tip management<\/span><\/li>\n<\/ul>\n<p><!-- \/wp:list --><\/p>\n<p><!-- wp:heading {\"level\":5} --><\/p>\n<h5>conferences<\/h5>\n<p><!-- \/wp:heading --><\/p>\n<p><!-- wp:list --><\/p>\n<ul>\n<li><span style=\"color: #999999;\">Public health management &#8211; Universidad del Rosario<\/span><\/li>\n<li><span style=\"color: #999999;\">Plastic surgery &#8211; Salta, 2.015<\/span><\/li>\n<li><span style=\"color: #999999;\">Plastic surgery &#8211; Mendoza, 2.015<\/span><\/li>\n<li><span style=\"color: #999999;\">Plastic surgery &#8211; The Cocos Cordoba, 2.014<\/span><\/li>\n<li><span style=\"color: #999999;\">International plastic surgery conferences &#8211; Chile, 2.013<\/span><\/li>\n<li><span style=\"color: #999999;\">International plastic surgery conferences &#8211; National of Argentina &#8211; Buenos Aires 201I<\/span><\/li>\n<li><span style=\"color: #999999;\">International plastic surgery conferences &#8211; National Colombia 2018OTHER GRADUATION STUDIES<\/span><\/li>\n<\/ul>\n<p><span style=\"color: #999999;\"><!-- \/wp:heading --><\/span><\/p>\n<p><span style=\"color: #999999;\"><!-- wp:list --><\/span><\/p>\n<ul>\n<li><span style=\"color: #999999;\">Aesthetic Medicine and Laser<\/span><\/li>\n<li><span style=\"color: #999999;\">Quality guarantee &#8211; La Sabana University<\/span><\/li>\n<li><span style=\"color: #999999;\">Biological Medicine &#8211; El Bosque University<\/span><\/li>\n<li><span style=\"color: #999999;\">Basic Sciences &#8211; El Bosque University<\/span><\/li>\n<\/ul>\n<p><!-- \/wp:list --><\/p>\n<p><!-- wp:heading {\"level\":5} --><\/p>\n<h5><span style=\"color: #000000;\">TEACHING<\/span><\/h5>\n<p><span style=\"color: #999999;\"><!-- \/wp:heading --><\/span><\/p>\n<p><span style=\"color: #999999;\"><!-- wp:list --><\/span><\/p>\n<ul>\n<li><span style=\"color: #999999;\">Monitor Anatomy &#8211; Juan N. Corpas University<\/span><\/li>\n<\/ul>\n<p><!-- \/wp:list --><\/p>\n<p><!-- wp:heading {\"level\":5} --><\/p>\n<h5>PUBLISHED WORKS<\/h5>\n<p><!-- \/wp:heading --><\/p>\n<p><!-- wp:list --><\/p>\n<ul>\n<li><span style=\"color: #999999;\">Collective Memory Public Health Colombia<\/span><\/li>\n<li><span style=\"color: #999999;\">Support for public policies<\/span> Colombia<\/li>\n<\/ul>\n<p><!-- \/wp:list --><\/p>\n<p><!-- wp:paragraph --><\/p>\n<p><!-- \/wp:paragraph --><\/p>","protected":false},"excerpt":{"rendered":"<p>CURRICULUM VITAE DNI 94486266REGISTRATION 140250 E-MAIL. exaf@draximenavila.com Surgeon, Plastic Surgery of the University of Buenos Aires, Biological Physician and Public Health BASIC STUDIES Primary school and high school: National Pedagogical &#8230;<\/p>\n","protected":false},"author":1,"featured_media":0,"parent":0,"menu_order":0,"comment_status":"closed","ping_status":"closed","template":"template-fullwidth.php","meta":{"footnotes":""},"class_list":["post-1740","page","type-page","status-publish","hentry"],"yoast_head":"<!-- This site is optimized with the Yoast SEO plugin v25.6 - https:\/\/yoast.com\/wordpress\/plugins\/seo\/ -->\n<title>Dr. Ximena Avila Ferreira | Cirugia Pl\u00e1stica y Est\u00e9tica en Bogot\u00e1 Colombia<\/title>\n<meta name=\"robots\" content=\"index, follow, max-snippet:-1, max-image-preview:large, max-video-preview:-1\" \/>\n<link rel=\"canonical\" href=\"https:\/\/draximenavila.com\/index.php\/dra-ximena-avila-ferreira\/\" \/>\n<meta property=\"og:locale\" content=\"en_US\" \/>\n<meta property=\"og:type\" content=\"article\" \/>\n<meta property=\"og:title\" content=\"Dr. Ximena Avila Ferreira | Cirugia Pl\u00e1stica y Est\u00e9tica en Bogot\u00e1 Colombia\" \/>\n<meta property=\"og:description\" content=\"CURRICULUM VITAE DNI 94486266REGISTRATION 140250 E-MAIL. exaf@draximenavila.com Surgeon, Plastic Surgery of the University of Buenos Aires, Biological Physician and Public Health BASIC STUDIES Primary school and high school: National Pedagogical ...\" \/>\n<meta property=\"og:url\" content=\"https:\/\/draximenavila.com\/index.php\/dra-ximena-avila-ferreira\/\" \/>\n<meta property=\"og:site_name\" content=\"Cirugia Pl\u00e1stica y Est\u00e9tica en Bogot\u00e1 Colombia\" \/>\n<meta property=\"article:modified_time\" content=\"2022-11-11T21:39:07+00:00\" \/>\n<meta name=\"twitter:card\" content=\"summary_large_image\" \/>\n<meta name=\"twitter:label1\" content=\"Est. reading time\" \/>\n\t<meta name=\"twitter:data1\" content=\"1 minute\" \/>\n<script type=\"application\/ld+json\" class=\"yoast-schema-graph\">{\"@context\":\"https:\/\/schema.org\",\"@graph\":[{\"@type\":\"WebPage\",\"@id\":\"https:\/\/draximenavila.com\/index.php\/dra-ximena-avila-ferreira\/\",\"url\":\"https:\/\/draximenavila.com\/index.php\/dra-ximena-avila-ferreira\/\",\"name\":\"Dr. Ximena Avila Ferreira | Cirugia Pl\u00e1stica y Est\u00e9tica en Bogot\u00e1 Colombia\",\"isPartOf\":{\"@id\":\"https:\/\/draximenavila.com\/#website\"},\"datePublished\":\"2021-11-17T19:49:01+00:00\",\"dateModified\":\"2022-11-11T21:39:07+00:00\",\"breadcrumb\":{\"@id\":\"https:\/\/draximenavila.com\/index.php\/dra-ximena-avila-ferreira\/#breadcrumb\"},\"inLanguage\":\"en-US\",\"potentialAction\":[{\"@type\":\"ReadAction\",\"target\":[\"https:\/\/draximenavila.com\/index.php\/dra-ximena-avila-ferreira\/\"]}]},{\"@type\":\"BreadcrumbList\",\"@id\":\"https:\/\/draximenavila.com\/index.php\/dra-ximena-avila-ferreira\/#breadcrumb\",\"itemListElement\":[{\"@type\":\"ListItem\",\"position\":1,\"name\":\"Home\",\"item\":\"https:\/\/draximenavila.com\/\"},{\"@type\":\"ListItem\",\"position\":2,\"name\":\"Dr. Ximena Avila Ferreira\"}]},{\"@type\":\"WebSite\",\"@id\":\"https:\/\/draximenavila.com\/#website\",\"url\":\"https:\/\/draximenavila.com\/\",\"name\":\"Cirugia Pl\u00e1stica y Est\u00e9tica en Bogot\u00e1 Colombia\",\"description\":\"Tummy tuck, Ear surgery and Hair implant\",\"publisher\":{\"@id\":\"https:\/\/draximenavila.com\/#organization\"},\"potentialAction\":[{\"@type\":\"SearchAction\",\"target\":{\"@type\":\"EntryPoint\",\"urlTemplate\":\"https:\/\/draximenavila.com\/?s={search_term_string}\"},\"query-input\":{\"@type\":\"PropertyValueSpecification\",\"valueRequired\":true,\"valueName\":\"search_term_string\"}}],\"inLanguage\":\"en-US\"},{\"@type\":\"Organization\",\"@id\":\"https:\/\/draximenavila.com\/#organization\",\"name\":\"Medical office of Dr. Elsa Ximena Avila Ferreira\",\"url\":\"https:\/\/draximenavila.com\/\",\"logo\":{\"@type\":\"ImageObject\",\"inLanguage\":\"en-US\",\"@id\":\"https:\/\/draximenavila.com\/#\/schema\/logo\/image\/\",\"url\":\"https:\/\/draximenavila.com\/wp-content\/uploads\/2022\/04\/cropped-Logo_Dra_Xime_recortado-removebg-SESP.png\",\"contentUrl\":\"https:\/\/draximenavila.com\/wp-content\/uploads\/2022\/04\/cropped-Logo_Dra_Xime_recortado-removebg-SESP.png\",\"width\":285,\"height\":214,\"caption\":\"Medical office of Dr. Elsa Ximena Avila Ferreira\"},\"image\":{\"@id\":\"https:\/\/draximenavila.com\/#\/schema\/logo\/image\/\"}}]}<\/script>\n<!-- \/ Yoast SEO plugin. -->","yoast_head_json":{"title":"Dr. Ximena Avila Ferreira | Cirugia Pl\u00e1stica y Est\u00e9tica en Bogot\u00e1 Colombia","robots":{"index":"index","follow":"follow","max-snippet":"max-snippet:-1","max-image-preview":"max-image-preview:large","max-video-preview":"max-video-preview:-1"},"canonical":"https:\/\/draximenavila.com\/index.php\/dra-ximena-avila-ferreira\/","og_locale":"en_US","og_type":"article","og_title":"Dr. Ximena Avila Ferreira | Cirugia Pl\u00e1stica y Est\u00e9tica en Bogot\u00e1 Colombia","og_description":"CURRICULUM VITAE DNI 94486266REGISTRATION 140250 E-MAIL. exaf@draximenavila.com Surgeon, Plastic Surgery of the University of Buenos Aires, Biological Physician and Public Health BASIC STUDIES Primary school and high school: National Pedagogical ...","og_url":"https:\/\/draximenavila.com\/index.php\/dra-ximena-avila-ferreira\/","og_site_name":"Cirugia Pl\u00e1stica y Est\u00e9tica en Bogot\u00e1 Colombia","article_modified_time":"2022-11-11T21:39:07+00:00","twitter_card":"summary_large_image","twitter_misc":{"Est. reading time":"1 minute"},"schema":{"@context":"https:\/\/schema.org","@graph":[{"@type":"WebPage","@id":"https:\/\/draximenavila.com\/index.php\/dra-ximena-avila-ferreira\/","url":"https:\/\/draximenavila.com\/index.php\/dra-ximena-avila-ferreira\/","name":"Dr. Ximena Avila Ferreira | Cirugia Pl\u00e1stica y Est\u00e9tica en Bogot\u00e1 Colombia","isPartOf":{"@id":"https:\/\/draximenavila.com\/#website"},"datePublished":"2021-11-17T19:49:01+00:00","dateModified":"2022-11-11T21:39:07+00:00","breadcrumb":{"@id":"https:\/\/draximenavila.com\/index.php\/dra-ximena-avila-ferreira\/#breadcrumb"},"inLanguage":"en-US","potentialAction":[{"@type":"ReadAction","target":["https:\/\/draximenavila.com\/index.php\/dra-ximena-avila-ferreira\/"]}]},{"@type":"BreadcrumbList","@id":"https:\/\/draximenavila.com\/index.php\/dra-ximena-avila-ferreira\/#breadcrumb","itemListElement":[{"@type":"ListItem","position":1,"name":"Home","item":"https:\/\/draximenavila.com\/"},{"@type":"ListItem","position":2,"name":"Dr. Ximena Avila Ferreira"}]},{"@type":"WebSite","@id":"https:\/\/draximenavila.com\/#website","url":"https:\/\/draximenavila.com\/","name":"Cirugia Pl\u00e1stica y Est\u00e9tica en Bogot\u00e1 Colombia","description":"Tummy tuck, Ear surgery and Hair implant","publisher":{"@id":"https:\/\/draximenavila.com\/#organization"},"potentialAction":[{"@type":"SearchAction","target":{"@type":"EntryPoint","urlTemplate":"https:\/\/draximenavila.com\/?s={search_term_string}"},"query-input":{"@type":"PropertyValueSpecification","valueRequired":true,"valueName":"search_term_string"}}],"inLanguage":"en-US"},{"@type":"Organization","@id":"https:\/\/draximenavila.com\/#organization","name":"Medical office of Dr. Elsa Ximena Avila Ferreira","url":"https:\/\/draximenavila.com\/","logo":{"@type":"ImageObject","inLanguage":"en-US","@id":"https:\/\/draximenavila.com\/#\/schema\/logo\/image\/","url":"https:\/\/draximenavila.com\/wp-content\/uploads\/2022\/04\/cropped-Logo_Dra_Xime_recortado-removebg-SESP.png","contentUrl":"https:\/\/draximenavila.com\/wp-content\/uploads\/2022\/04\/cropped-Logo_Dra_Xime_recortado-removebg-SESP.png","width":285,"height":214,"caption":"Medical office of Dr. Elsa Ximena Avila Ferreira"},"image":{"@id":"https:\/\/draximenavila.com\/#\/schema\/logo\/image\/"}}]}},"_links":{"self":[{"href":"https:\/\/draximenavila.com\/index.php\/wp-json\/wp\/v2\/pages\/1740","targetHints":{"allow":["GET"]}}],"collection":[{"href":"https:\/\/draximenavila.com\/index.php\/wp-json\/wp\/v2\/pages"}],"about":[{"href":"https:\/\/draximenavila.com\/index.php\/wp-json\/wp\/v2\/types\/page"}],"author":[{"embeddable":true,"href":"https:\/\/draximenavila.com\/index.php\/wp-json\/wp\/v2\/users\/1"}],"replies":[{"embeddable":true,"href":"https:\/\/draximenavila.com\/index.php\/wp-json\/wp\/v2\/comments?post=1740"}],"version-history":[{"count":44,"href":"https:\/\/draximenavila.com\/index.php\/wp-json\/wp\/v2\/pages\/1740\/revisions"}],"predecessor-version":[{"id":2729,"href":"https:\/\/draximenavila.com\/index.php\/wp-json\/wp\/v2\/pages\/1740\/revisions\/2729"}],"wp:attachment":[{"href":"https:\/\/draximenavila.com\/index.php\/wp-json\/wp\/v2\/media?parent=1740"}],"curies":[{"name":"wp","href":"https:\/\/api.w.org\/{rel}","templated":true}]}}