{"id":2675,"date":"2022-10-29T21:23:20","date_gmt":"2022-10-29T21:23:20","guid":{"rendered":"https:\/\/draximenavila.com\/?page_id=2675"},"modified":"2025-08-01T21:19:31","modified_gmt":"2025-08-01T21:19:31","slug":"otoplasty","status":"publish","type":"page","link":"https:\/\/draximenavila.com\/index.php\/otoplasty\/","title":{"rendered":"Otoplasty"},"content":{"rendered":"<div id=\"pl-gb2675-69e1ee4f19d65\"  class=\"panel-layout wp-block-siteorigin-panels-layout-block\" ><div id=\"pg-gb2675-69e1ee4f19d65-0\"  class=\"panel-grid panel-no-style\" ><div id=\"pgc-gb2675-69e1ee4f19d65-0-0\"  class=\"panel-grid-cell\" ><div id=\"panel-gb2675-69e1ee4f19d65-0-0-0\" class=\"so-panel widget widget_text panel-first-child panel-last-child\" data-index=\"0\" ><h3 class=\"widget-title\">What is Otoplasty?<\/h3>\t\t\t<div class=\"textwidget\"><p>Otoplasty is a surgical procedure that corrects genetic ear defects and is also performed in cases of partial or total absence of ears. Otoplasty also helps correct aesthetic alterations in the shape, size, or proportion of the ears, for example, protruding or protruding ears.<br \/>\nOtoplasty can be performed under general or local anesthesia, depending on the patient&#8217;s age and health. The procedure is minimally invasive.<br \/>\nBy removing excess tissue, we redesign the projection, position, and shape of the ears in otoplasty.<\/p>\n<p>If you want to learn more about otoplasty, including what to expect and recovery time. Please go the article of <a href=\"https:\/\/www.medicalnewstoday.com\/articles\/246767\" target=\"_blank\" rel=\"noopener\">Medical News Today<\/a><\/p>\n<\/div>\n\t\t<\/div><\/div><div id=\"pgc-gb2675-69e1ee4f19d65-0-1\"  class=\"panel-grid-cell\" ><div id=\"panel-gb2675-69e1ee4f19d65-0-1-0\" class=\"so-panel widget widget_sow-image panel-first-child panel-last-child\" data-index=\"1\" ><div\n\t\t\t\n\t\t\tclass=\"so-widget-sow-image so-widget-sow-image-default-8b5b6f678277-2675\"\n\t\t\t\n\t\t>\n<div class=\"sow-image-container\">\n\t\t<img \n\tdata-src=\"https:\/\/draximenavila.com\/wp-content\/uploads\/2022\/04\/Lobulo-Collage-1-.png\" width=\"640\" height=\"400\" data-srcset=\"https:\/\/draximenavila.com\/wp-content\/uploads\/2022\/04\/Lobulo-Collage-1-.png 640w, https:\/\/draximenavila.com\/wp-content\/uploads\/2022\/04\/Lobulo-Collage-1--300x188.png 300w, https:\/\/draximenavila.com\/wp-content\/uploads\/2022\/04\/Lobulo-Collage-1--480x300.png 480w, https:\/\/draximenavila.com\/wp-content\/uploads\/2022\/04\/Lobulo-Collage-1--20x13.png 20w, https:\/\/draximenavila.com\/wp-content\/uploads\/2022\/04\/Lobulo-Collage-1--600x375.png 600w\" data-sizes=\"(max-width: 640px) 100vw, 640px\" title=\"Otoplasty\" alt=\"Patient with image before and after otoplasty\" \t\tclass=\"so-widget-image lazyload\" src=\"data:image\/svg+xml;base64,PHN2ZyB3aWR0aD0iMSIgaGVpZ2h0PSIxIiB4bWxucz0iaHR0cDovL3d3dy53My5vcmcvMjAwMC9zdmciPjwvc3ZnPg==\" style=\"--smush-placeholder-width: 640px; --smush-placeholder-aspect-ratio: 640\/400;\" \/>\n\t<\/div>\n\n<\/div><\/div><\/div><\/div><div id=\"pg-gb2675-69e1ee4f19d65-1\"  class=\"panel-grid panel-no-style\" ><div id=\"pgc-gb2675-69e1ee4f19d65-1-0\"  class=\"panel-grid-cell\" ><div id=\"panel-gb2675-69e1ee4f19d65-1-0-0\" class=\"so-panel widget widget_text panel-first-child panel-last-child\" data-index=\"2\" ><h3 class=\"widget-title\">Who should undergo an otoplasty procedure?<\/h3>\t\t\t<div class=\"textwidget\"><p>People with genetic defects, trauma, or aesthetic alterations in the shape, size, or proportion of their ears who wish to restore their facial contours.<\/p>\n<\/div>\n\t\t<\/div><\/div><\/div><div id=\"pg-gb2675-69e1ee4f19d65-2\"  class=\"panel-grid panel-no-style\" ><div id=\"pgc-gb2675-69e1ee4f19d65-2-0\"  class=\"panel-grid-cell\" ><div id=\"panel-gb2675-69e1ee4f19d65-2-0-0\" class=\"so-panel widget widget_text panel-first-child panel-last-child\" data-index=\"3\" ><h3 class=\"widget-title\">What are the benefits and advantages of otoplasty procedure for the patient?<\/h3>\t\t\t<div class=\"textwidget\"><p>The otoplasty surgical procedure offers the patient the following benefits:<br \/>\n\u2022 It improves and corrects congenital, traumatic, or aesthetic abnormalities in the shape, size, or proportion of the ears.<br \/>\n\u2022 In extreme cases, it corrects the partial or total absence of an ear.<br \/>\n\u2022 It restores and increases the patient&#8217;s self-esteem.<\/p>\n<\/div>\n\t\t<\/div><\/div><\/div><div id=\"pg-gb2675-69e1ee4f19d65-3\"  class=\"panel-grid panel-no-style\" ><div id=\"pgc-gb2675-69e1ee4f19d65-3-0\"  class=\"panel-grid-cell\" ><div id=\"panel-gb2675-69e1ee4f19d65-3-0-0\" class=\"so-panel widget widget_text panel-first-child panel-last-child\" data-index=\"4\" ><h3 class=\"widget-title\">What facilities should the hospital or clinic where otoplasty surgical procedures are performed have?<\/h3>\t\t\t<div class=\"textwidget\"><p>\u2022 Have a multidisciplinary team with sufficient experience in managing the pathology.<br \/>\n\u2022 Have facilities suitable for performing the procedure.<br \/>\n\u2022 Have the necessary authorization.<br \/>\n\u2022 Handle sterile materials, appropriate sutures for the procedure, and necessary supplies.<\/p>\n<\/div>\n\t\t<\/div><\/div><\/div><div id=\"pg-gb2675-69e1ee4f19d65-4\"  class=\"panel-grid panel-no-style\" ><div id=\"pgc-gb2675-69e1ee4f19d65-4-0\"  class=\"panel-grid-cell\" ><div id=\"panel-gb2675-69e1ee4f19d65-4-0-0\" class=\"so-panel widget widget_text panel-first-child panel-last-child\" data-index=\"5\" ><h3 class=\"widget-title\">What are the preoperative aspects for performing an otoplasty?<\/h3>\t\t\t<div class=\"textwidget\"><p>The patient should have the follow conditions and characteristics:<\/p>\n<p>\u2022 Have paraclinical tests within normal parameters<br \/>\n\u2022 Good nutritional status<br \/>\n\u2022 Prior psychological evaluation, if possible<br \/>\n\u2022 Review or evaluate the motivation that led to the decision to undergo the otoplasty procedure.<br \/>\n\u2022 Have no active disease<br \/>\n\u2022 Thoroughly review patient history, including: existing or previous illnesses or pathologist, family history, previous surgeries, among others<br \/>\n\u2022 Read the instructions given by your doctor and the warning signs and urgency<br \/>\n\u2022 Have a complication policy<br \/>\n\u2022 Review the patient&#8217;s tissue quality to decide on reconstruction<\/p>\n<\/div>\n\t\t<\/div><\/div><\/div><div id=\"pg-gb2675-69e1ee4f19d65-5\"  class=\"panel-grid panel-no-style\" ><div id=\"pgc-gb2675-69e1ee4f19d65-5-0\"  class=\"panel-grid-cell\" ><div id=\"panel-gb2675-69e1ee4f19d65-5-0-0\" class=\"so-panel widget widget_text panel-first-child panel-last-child\" data-index=\"6\" ><h3 class=\"widget-title\">What care should be taken after otoplasty?<\/h3>\t\t\t<div class=\"textwidget\"><p>\u2022 Avoid excessive exercise (you will start going to the gym after one month, following established guidelines to prevent dehiscence or trauma).<br \/>\n\u2022 Take care of the drains if necessary.<br \/>\n\u2022 Walk around immediately, which will prevent PE (thrombi).<br \/>\n\u2022 Use the compression bandage left in place after the procedure until your doctor removes it.<br \/>\n\u2022 Wear a girdle if tolerated, as directed by your treating physician.<br \/>\n\u2022 Keep a daily tally of the drains and record them. This is essential (this way you will know the removal time). If applicable,<br \/>\n\u2022 Perform postoperative checkups as indicated.<br \/>\n\u2022 Be familiar with the warning signs and emergency procedures so you can report them immediately.<br \/>\n\u2022 Check tissue vitality (pink skin) daily and report them.<\/p>\n<\/div>\n\t\t<\/div><\/div><\/div><div id=\"pg-gb2675-69e1ee4f19d65-6\"  class=\"panel-grid panel-no-style\" ><div id=\"pgc-gb2675-69e1ee4f19d65-6-0\"  class=\"panel-grid-cell\" ><div id=\"panel-gb2675-69e1ee4f19d65-6-0-0\" class=\"so-panel widget widget_text panel-first-child panel-last-child\" data-index=\"7\" ><h3 class=\"widget-title\">What considerations should the patient analyze for their safety?<\/h3>\t\t\t<div class=\"textwidget\"><p>\u2022 The patient must have an insurance policy that covers the costs of the procedure and any eventualities.<br \/>\n\u2022 They must choose the appropriate hospital or clinic for the procedure, including an Intensive Care Unit (ICU).<br \/>\n\u2022 They must be treated by plastic surgeons and specialist physicians before, during, and after the procedure.<br \/>\n\u2022 Strictly follow the physicians&#8217; recommendations.<\/p>\n<\/div>\n\t\t<\/div><\/div><\/div><\/div>","protected":false},"excerpt":{"rendered":"<p>Otoplasty is a surgical procedure that corrects genetic ear defects and is also performed in cases of partial or total absence of ears. Otoplasty also helps correct aesthetic alterations in &#8230;<\/p>\n","protected":false},"author":1,"featured_media":0,"parent":0,"menu_order":0,"comment_status":"closed","ping_status":"closed","template":"template-fullwidth.php","meta":{"footnotes":""},"class_list":["post-2675","page","type-page","status-publish","hentry"],"yoast_head":"<!-- This site is optimized with the Yoast SEO plugin v25.6 - https:\/\/yoast.com\/wordpress\/plugins\/seo\/ -->\n<title>Otoplasty | Cirugia Pl\u00e1stica y Est\u00e9tica en Bogot\u00e1 Colombia<\/title>\n<meta name=\"description\" content=\"Otoplasty is the surgical procedure through which the correction of ears that present anomalies is performed to improve appearance\" \/>\n<meta name=\"robots\" content=\"index, follow, max-snippet:-1, max-image-preview:large, max-video-preview:-1\" \/>\n<link rel=\"canonical\" href=\"https:\/\/draximenavila.com\/index.php\/otoplasty\/\" \/>\n<meta property=\"og:locale\" content=\"en_US\" \/>\n<meta property=\"og:type\" content=\"article\" \/>\n<meta property=\"og:title\" content=\"Otoplasty | Cirugia Pl\u00e1stica y Est\u00e9tica en Bogot\u00e1 Colombia\" \/>\n<meta property=\"og:description\" content=\"Otoplasty is the surgical procedure through which the correction of ears that present anomalies is performed to improve appearance\" \/>\n<meta property=\"og:url\" content=\"https:\/\/draximenavila.com\/index.php\/otoplasty\/\" \/>\n<meta property=\"og:site_name\" content=\"Cirugia Pl\u00e1stica y Est\u00e9tica en Bogot\u00e1 Colombia\" \/>\n<meta property=\"article:modified_time\" content=\"2025-08-01T21:19:31+00:00\" \/>\n<meta name=\"twitter:card\" content=\"summary_large_image\" \/>\n<script type=\"application\/ld+json\" class=\"yoast-schema-graph\">{\"@context\":\"https:\/\/schema.org\",\"@graph\":[{\"@type\":\"WebPage\",\"@id\":\"https:\/\/draximenavila.com\/index.php\/otoplasty\/\",\"url\":\"https:\/\/draximenavila.com\/index.php\/otoplasty\/\",\"name\":\"Otoplasty | Cirugia Pl\u00e1stica y Est\u00e9tica en Bogot\u00e1 Colombia\",\"isPartOf\":{\"@id\":\"https:\/\/draximenavila.com\/#website\"},\"datePublished\":\"2022-10-29T21:23:20+00:00\",\"dateModified\":\"2025-08-01T21:19:31+00:00\",\"description\":\"Otoplasty is the surgical procedure through which the correction of ears that present anomalies is performed to improve appearance\",\"breadcrumb\":{\"@id\":\"https:\/\/draximenavila.com\/index.php\/otoplasty\/#breadcrumb\"},\"inLanguage\":\"en-US\",\"potentialAction\":[{\"@type\":\"ReadAction\",\"target\":[\"https:\/\/draximenavila.com\/index.php\/otoplasty\/\"]}]},{\"@type\":\"BreadcrumbList\",\"@id\":\"https:\/\/draximenavila.com\/index.php\/otoplasty\/#breadcrumb\",\"itemListElement\":[{\"@type\":\"ListItem\",\"position\":1,\"name\":\"Home\",\"item\":\"https:\/\/draximenavila.com\/\"},{\"@type\":\"ListItem\",\"position\":2,\"name\":\"Otoplasty\"}]},{\"@type\":\"WebSite\",\"@id\":\"https:\/\/draximenavila.com\/#website\",\"url\":\"https:\/\/draximenavila.com\/\",\"name\":\"Cirugia Pl\u00e1stica y Est\u00e9tica en Bogot\u00e1 Colombia\",\"description\":\"Tummy tuck, Ear surgery and Hair implant\",\"publisher\":{\"@id\":\"https:\/\/draximenavila.com\/#organization\"},\"potentialAction\":[{\"@type\":\"SearchAction\",\"target\":{\"@type\":\"EntryPoint\",\"urlTemplate\":\"https:\/\/draximenavila.com\/?s={search_term_string}\"},\"query-input\":{\"@type\":\"PropertyValueSpecification\",\"valueRequired\":true,\"valueName\":\"search_term_string\"}}],\"inLanguage\":\"en-US\"},{\"@type\":\"Organization\",\"@id\":\"https:\/\/draximenavila.com\/#organization\",\"name\":\"Medical office of Dr. Elsa Ximena Avila Ferreira\",\"url\":\"https:\/\/draximenavila.com\/\",\"logo\":{\"@type\":\"ImageObject\",\"inLanguage\":\"en-US\",\"@id\":\"https:\/\/draximenavila.com\/#\/schema\/logo\/image\/\",\"url\":\"https:\/\/draximenavila.com\/wp-content\/uploads\/2022\/04\/cropped-Logo_Dra_Xime_recortado-removebg-SESP.png\",\"contentUrl\":\"https:\/\/draximenavila.com\/wp-content\/uploads\/2022\/04\/cropped-Logo_Dra_Xime_recortado-removebg-SESP.png\",\"width\":285,\"height\":214,\"caption\":\"Medical office of Dr. Elsa Ximena Avila Ferreira\"},\"image\":{\"@id\":\"https:\/\/draximenavila.com\/#\/schema\/logo\/image\/\"}}]}<\/script>\n<!-- \/ Yoast SEO plugin. -->","yoast_head_json":{"title":"Otoplasty | Cirugia Pl\u00e1stica y Est\u00e9tica en Bogot\u00e1 Colombia","description":"Otoplasty is the surgical procedure through which the correction of ears that present anomalies is performed to improve appearance","robots":{"index":"index","follow":"follow","max-snippet":"max-snippet:-1","max-image-preview":"max-image-preview:large","max-video-preview":"max-video-preview:-1"},"canonical":"https:\/\/draximenavila.com\/index.php\/otoplasty\/","og_locale":"en_US","og_type":"article","og_title":"Otoplasty | Cirugia Pl\u00e1stica y Est\u00e9tica en Bogot\u00e1 Colombia","og_description":"Otoplasty is the surgical procedure through which the correction of ears that present anomalies is performed to improve appearance","og_url":"https:\/\/draximenavila.com\/index.php\/otoplasty\/","og_site_name":"Cirugia Pl\u00e1stica y Est\u00e9tica en Bogot\u00e1 Colombia","article_modified_time":"2025-08-01T21:19:31+00:00","twitter_card":"summary_large_image","schema":{"@context":"https:\/\/schema.org","@graph":[{"@type":"WebPage","@id":"https:\/\/draximenavila.com\/index.php\/otoplasty\/","url":"https:\/\/draximenavila.com\/index.php\/otoplasty\/","name":"Otoplasty | Cirugia Pl\u00e1stica y Est\u00e9tica en Bogot\u00e1 Colombia","isPartOf":{"@id":"https:\/\/draximenavila.com\/#website"},"datePublished":"2022-10-29T21:23:20+00:00","dateModified":"2025-08-01T21:19:31+00:00","description":"Otoplasty is the surgical procedure through which the correction of ears that present anomalies is performed to improve appearance","breadcrumb":{"@id":"https:\/\/draximenavila.com\/index.php\/otoplasty\/#breadcrumb"},"inLanguage":"en-US","potentialAction":[{"@type":"ReadAction","target":["https:\/\/draximenavila.com\/index.php\/otoplasty\/"]}]},{"@type":"BreadcrumbList","@id":"https:\/\/draximenavila.com\/index.php\/otoplasty\/#breadcrumb","itemListElement":[{"@type":"ListItem","position":1,"name":"Home","item":"https:\/\/draximenavila.com\/"},{"@type":"ListItem","position":2,"name":"Otoplasty"}]},{"@type":"WebSite","@id":"https:\/\/draximenavila.com\/#website","url":"https:\/\/draximenavila.com\/","name":"Cirugia Pl\u00e1stica y Est\u00e9tica en Bogot\u00e1 Colombia","description":"Tummy tuck, Ear surgery and Hair implant","publisher":{"@id":"https:\/\/draximenavila.com\/#organization"},"potentialAction":[{"@type":"SearchAction","target":{"@type":"EntryPoint","urlTemplate":"https:\/\/draximenavila.com\/?s={search_term_string}"},"query-input":{"@type":"PropertyValueSpecification","valueRequired":true,"valueName":"search_term_string"}}],"inLanguage":"en-US"},{"@type":"Organization","@id":"https:\/\/draximenavila.com\/#organization","name":"Medical office of Dr. Elsa Ximena Avila Ferreira","url":"https:\/\/draximenavila.com\/","logo":{"@type":"ImageObject","inLanguage":"en-US","@id":"https:\/\/draximenavila.com\/#\/schema\/logo\/image\/","url":"https:\/\/draximenavila.com\/wp-content\/uploads\/2022\/04\/cropped-Logo_Dra_Xime_recortado-removebg-SESP.png","contentUrl":"https:\/\/draximenavila.com\/wp-content\/uploads\/2022\/04\/cropped-Logo_Dra_Xime_recortado-removebg-SESP.png","width":285,"height":214,"caption":"Medical office of Dr. Elsa Ximena Avila Ferreira"},"image":{"@id":"https:\/\/draximenavila.com\/#\/schema\/logo\/image\/"}}]}},"_links":{"self":[{"href":"https:\/\/draximenavila.com\/index.php\/wp-json\/wp\/v2\/pages\/2675","targetHints":{"allow":["GET"]}}],"collection":[{"href":"https:\/\/draximenavila.com\/index.php\/wp-json\/wp\/v2\/pages"}],"about":[{"href":"https:\/\/draximenavila.com\/index.php\/wp-json\/wp\/v2\/types\/page"}],"author":[{"embeddable":true,"href":"https:\/\/draximenavila.com\/index.php\/wp-json\/wp\/v2\/users\/1"}],"replies":[{"embeddable":true,"href":"https:\/\/draximenavila.com\/index.php\/wp-json\/wp\/v2\/comments?post=2675"}],"version-history":[{"count":24,"href":"https:\/\/draximenavila.com\/index.php\/wp-json\/wp\/v2\/pages\/2675\/revisions"}],"predecessor-version":[{"id":2883,"href":"https:\/\/draximenavila.com\/index.php\/wp-json\/wp\/v2\/pages\/2675\/revisions\/2883"}],"wp:attachment":[{"href":"https:\/\/draximenavila.com\/index.php\/wp-json\/wp\/v2\/media?parent=2675"}],"curies":[{"name":"wp","href":"https:\/\/api.w.org\/{rel}","templated":true}]}}