{"id":2712,"date":"2022-11-11T20:01:24","date_gmt":"2022-11-11T20:01:24","guid":{"rendered":"https:\/\/draximenavila.com\/?page_id=2712"},"modified":"2025-07-17T17:36:45","modified_gmt":"2025-07-17T17:36:45","slug":"lobuloplasty","status":"publish","type":"page","link":"https:\/\/draximenavila.com\/index.php\/lobuloplasty\/","title":{"rendered":"Lobuloplasty"},"content":{"rendered":"<div id=\"pl-gb2712-69df55605f13a\"  class=\"panel-layout wp-block-siteorigin-panels-layout-block\" ><div id=\"pg-gb2712-69df55605f13a-0\"  class=\"panel-grid panel-no-style\" ><div id=\"pgc-gb2712-69df55605f13a-0-0\"  class=\"panel-grid-cell\" ><div id=\"panel-gb2712-69df55605f13a-0-0-0\" class=\"so-panel widget widget_sow-image panel-first-child panel-last-child\" data-index=\"0\" ><div\n\t\t\t\n\t\t\tclass=\"so-widget-sow-image so-widget-sow-image-default-8b5b6f678277-2712\"\n\t\t\t\n\t\t>\n<div class=\"sow-image-container\">\n\t\t<img \n\tdata-src=\"https:\/\/draximenavila.com\/wp-content\/uploads\/2022\/11\/Earlobe-repair-L-min.png\" width=\"250\" height=\"250\" data-srcset=\"https:\/\/draximenavila.com\/wp-content\/uploads\/2022\/11\/Earlobe-repair-L-min.png 250w, https:\/\/draximenavila.com\/wp-content\/uploads\/2022\/11\/Earlobe-repair-L-min-150x150.png 150w, https:\/\/draximenavila.com\/wp-content\/uploads\/2022\/11\/Earlobe-repair-L-min-20x20.png 20w, https:\/\/draximenavila.com\/wp-content\/uploads\/2022\/11\/Earlobe-repair-L-min-100x100.png 100w\" data-sizes=\"(max-width: 250px) 100vw, 250px\" title=\"Earlobe repair\" alt=\"\" \t\tclass=\"so-widget-image lazyload\" src=\"data:image\/svg+xml;base64,PHN2ZyB3aWR0aD0iMSIgaGVpZ2h0PSIxIiB4bWxucz0iaHR0cDovL3d3dy53My5vcmcvMjAwMC9zdmciPjwvc3ZnPg==\" style=\"--smush-placeholder-width: 250px; --smush-placeholder-aspect-ratio: 250\/250;\" \/>\n\t<\/div>\n\n<\/div><\/div><\/div><div id=\"pgc-gb2712-69df55605f13a-0-1\"  class=\"panel-grid-cell\" ><div id=\"panel-gb2712-69df55605f13a-0-1-0\" class=\"so-panel widget widget_text panel-first-child panel-last-child\" data-index=\"1\" ><h3 class=\"widget-title\">Introduction<\/h3>\t\t\t<div class=\"textwidget\"><p id=\"p-5\" class=\"p p-first\">Facial aesthetics develops depending on the symmetry and harmony of the facial skeletons and soft structures. The auricular lobule has an important place in face and ear aesthetics. It is generally conical and round in shape and is an important anatomical formation that allows women to wear accessories such as earrings (<a class=\" bibr popnode\" role=\"button\" href=\"https:\/\/www.ncbi.nlm.nih.gov\/pmc\/articles\/PMC5839526\/#b1-taot-55-4-172\" aria-expanded=\"false\" aria-haspopup=\"true\">1<\/a>, <a class=\" bibr popnode\" role=\"button\" href=\"https:\/\/www.ncbi.nlm.nih.gov\/pmc\/articles\/PMC5839526\/#b2-taot-55-4-172\" aria-expanded=\"false\" aria-haspopup=\"true\">2<\/a>). It has different shapes, and sometimes it can attract a lot of attention on the face. It is known that Tutankhamun, an ancient Egyptian pharaoh, had a stretched auricular lobule (<a class=\" bibr popnode\" role=\"button\" href=\"https:\/\/www.ncbi.nlm.nih.gov\/pmc\/articles\/PMC5839526\/#b3-taot-55-4-172\" aria-expanded=\"false\" aria-haspopup=\"true\">3<\/a>). In Africa, the Ivan and Kayan tribes adorn their auricular lobules with heavy and large earrings, causing the lobules to become wide and sagging (<a class=\" bibr popnode\" role=\"button\" href=\"https:\/\/www.ncbi.nlm.nih.gov\/pmc\/articles\/PMC5839526\/#b4-taot-55-4-172\" aria-expanded=\"false\" aria-haspopup=\"true\">4<\/a>).<\/p>\n<p id=\"p-6\">In different societies, auricular lobules are pierced for religious, cosmetic, and social reasons; however, they are associated with the level of societal development. Partial or complete tear of the auricular lobule is an important situation that is very common in women and leads to cosmetic deformity. The use of earrings and heavy metals such as \u201cpiercing\u201d leads to permanent deformities in the auricular lobule owing to the effect of gravity (<a class=\" bibr popnode\" role=\"button\" href=\"https:\/\/www.ncbi.nlm.nih.gov\/pmc\/articles\/PMC5839526\/#b5-taot-55-4-172\" aria-expanded=\"false\" aria-haspopup=\"true\">5<\/a>\u2013<a class=\" bibr popnode\" role=\"button\" href=\"https:\/\/www.ncbi.nlm.nih.gov\/pmc\/articles\/PMC5839526\/#b10-taot-55-4-172\" aria-expanded=\"false\" aria-haspopup=\"true\">10<\/a>). It causes tearing in the auricular lobule due to age, trauma, and mechanical factors. The most frequent causes of the clefts in the auricular lobule are that the holes made in the auricule for ornamentation expand over time and that the ornaments separate the lips of the cleft from each other with the influence of gravity, thereby causing permanent holes (<a class=\" bibr popnode\" role=\"button\" href=\"https:\/\/www.ncbi.nlm.nih.gov\/pmc\/articles\/PMC5839526\/#b9-taot-55-4-172\" aria-expanded=\"false\" aria-haspopup=\"true\">9<\/a>).<\/p>\n<p id=\"p-7\">According to the data of the American Society for Aesthetic Plastic Surgery in 2015, approximately 40,000 people per year undergo ear surgery for cosmetic purposes for ear defects developing because of trauma or wearing heavy earrings. Aesthetic ear interventions are the 6<sup>th<\/sup> most common surgical procedures in males and 14th most common surgical procedures in females. Aesthetic ear surgery is most frequently performed at the age of 19\u201334 years, but there has been an increase in those below 18 years (<a class=\" bibr popnode\" role=\"button\" href=\"https:\/\/www.ncbi.nlm.nih.gov\/pmc\/articles\/PMC5839526\/#b11-taot-55-4-172\" aria-expanded=\"false\" aria-haspopup=\"true\">11<\/a>).<\/p>\n<p id=\"p-8\" class=\"p p-last\">In the present study, the results of 13 patients who underwent auricular lobuloplasty for elongated or cleft auricular lobule were evaluated.<\/p>\n<p>You want to know about lobuloplasty, please follow us at: <a href=\"https:\/\/www.ncbi.nlm.nih.gov\/pmc\/articles\/PMC5839526\/\" target=\"_blank\" rel=\"noopener\">National library of Medicine<\/a>, National Center of Biotechnology information.<\/p>\n<\/div>\n\t\t<\/div><\/div><\/div><\/div>\n\n\n<p><\/p>\n","protected":false},"excerpt":{"rendered":"<p>Facial aesthetics develops depending on the symmetry and harmony of the facial skeletons and soft structures. The auricular lobule has an important place in face and ear aesthetics. It is &#8230;<\/p>\n","protected":false},"author":1,"featured_media":0,"parent":0,"menu_order":0,"comment_status":"closed","ping_status":"closed","template":"template-fullwidth.php","meta":{"footnotes":""},"class_list":["post-2712","page","type-page","status-publish","hentry"],"yoast_head":"<!-- This site is optimized with the Yoast SEO plugin v25.6 - https:\/\/yoast.com\/wordpress\/plugins\/seo\/ -->\n<title>Lobuloplasty | Cirugia Pl\u00e1stica y Est\u00e9tica en Bogot\u00e1 Colombia<\/title>\n<meta name=\"robots\" content=\"index, follow, max-snippet:-1, max-image-preview:large, max-video-preview:-1\" \/>\n<link rel=\"canonical\" href=\"https:\/\/draximenavila.com\/index.php\/lobuloplasty\/\" \/>\n<meta property=\"og:locale\" content=\"en_US\" \/>\n<meta property=\"og:type\" content=\"article\" \/>\n<meta property=\"og:title\" content=\"Lobuloplasty | Cirugia Pl\u00e1stica y Est\u00e9tica en Bogot\u00e1 Colombia\" \/>\n<meta property=\"og:description\" content=\"Facial aesthetics develops depending on the symmetry and harmony of the facial skeletons and soft structures. The auricular lobule has an important place in face and ear aesthetics. It is ...\" \/>\n<meta property=\"og:url\" content=\"https:\/\/draximenavila.com\/index.php\/lobuloplasty\/\" \/>\n<meta property=\"og:site_name\" content=\"Cirugia Pl\u00e1stica y Est\u00e9tica en Bogot\u00e1 Colombia\" \/>\n<meta property=\"article:modified_time\" content=\"2025-07-17T17:36:45+00:00\" \/>\n<meta name=\"twitter:card\" content=\"summary_large_image\" \/>\n<script type=\"application\/ld+json\" class=\"yoast-schema-graph\">{\"@context\":\"https:\/\/schema.org\",\"@graph\":[{\"@type\":\"WebPage\",\"@id\":\"https:\/\/draximenavila.com\/index.php\/lobuloplasty\/\",\"url\":\"https:\/\/draximenavila.com\/index.php\/lobuloplasty\/\",\"name\":\"Lobuloplasty | Cirugia Pl\u00e1stica y Est\u00e9tica en Bogot\u00e1 Colombia\",\"isPartOf\":{\"@id\":\"https:\/\/draximenavila.com\/#website\"},\"datePublished\":\"2022-11-11T20:01:24+00:00\",\"dateModified\":\"2025-07-17T17:36:45+00:00\",\"breadcrumb\":{\"@id\":\"https:\/\/draximenavila.com\/index.php\/lobuloplasty\/#breadcrumb\"},\"inLanguage\":\"en-US\",\"potentialAction\":[{\"@type\":\"ReadAction\",\"target\":[\"https:\/\/draximenavila.com\/index.php\/lobuloplasty\/\"]}]},{\"@type\":\"BreadcrumbList\",\"@id\":\"https:\/\/draximenavila.com\/index.php\/lobuloplasty\/#breadcrumb\",\"itemListElement\":[{\"@type\":\"ListItem\",\"position\":1,\"name\":\"Home\",\"item\":\"https:\/\/draximenavila.com\/\"},{\"@type\":\"ListItem\",\"position\":2,\"name\":\"Lobuloplasty\"}]},{\"@type\":\"WebSite\",\"@id\":\"https:\/\/draximenavila.com\/#website\",\"url\":\"https:\/\/draximenavila.com\/\",\"name\":\"Cirugia Pl\u00e1stica y Est\u00e9tica en Bogot\u00e1 Colombia\",\"description\":\"Tummy tuck, Ear surgery and Hair implant\",\"publisher\":{\"@id\":\"https:\/\/draximenavila.com\/#organization\"},\"potentialAction\":[{\"@type\":\"SearchAction\",\"target\":{\"@type\":\"EntryPoint\",\"urlTemplate\":\"https:\/\/draximenavila.com\/?s={search_term_string}\"},\"query-input\":{\"@type\":\"PropertyValueSpecification\",\"valueRequired\":true,\"valueName\":\"search_term_string\"}}],\"inLanguage\":\"en-US\"},{\"@type\":\"Organization\",\"@id\":\"https:\/\/draximenavila.com\/#organization\",\"name\":\"Medical office of Dr. Elsa Ximena Avila Ferreira\",\"url\":\"https:\/\/draximenavila.com\/\",\"logo\":{\"@type\":\"ImageObject\",\"inLanguage\":\"en-US\",\"@id\":\"https:\/\/draximenavila.com\/#\/schema\/logo\/image\/\",\"url\":\"https:\/\/draximenavila.com\/wp-content\/uploads\/2022\/04\/cropped-Logo_Dra_Xime_recortado-removebg-SESP.png\",\"contentUrl\":\"https:\/\/draximenavila.com\/wp-content\/uploads\/2022\/04\/cropped-Logo_Dra_Xime_recortado-removebg-SESP.png\",\"width\":285,\"height\":214,\"caption\":\"Medical office of Dr. Elsa Ximena Avila Ferreira\"},\"image\":{\"@id\":\"https:\/\/draximenavila.com\/#\/schema\/logo\/image\/\"}}]}<\/script>\n<!-- \/ Yoast SEO plugin. -->","yoast_head_json":{"title":"Lobuloplasty | Cirugia Pl\u00e1stica y Est\u00e9tica en Bogot\u00e1 Colombia","robots":{"index":"index","follow":"follow","max-snippet":"max-snippet:-1","max-image-preview":"max-image-preview:large","max-video-preview":"max-video-preview:-1"},"canonical":"https:\/\/draximenavila.com\/index.php\/lobuloplasty\/","og_locale":"en_US","og_type":"article","og_title":"Lobuloplasty | Cirugia Pl\u00e1stica y Est\u00e9tica en Bogot\u00e1 Colombia","og_description":"Facial aesthetics develops depending on the symmetry and harmony of the facial skeletons and soft structures. The auricular lobule has an important place in face and ear aesthetics. It is ...","og_url":"https:\/\/draximenavila.com\/index.php\/lobuloplasty\/","og_site_name":"Cirugia Pl\u00e1stica y Est\u00e9tica en Bogot\u00e1 Colombia","article_modified_time":"2025-07-17T17:36:45+00:00","twitter_card":"summary_large_image","schema":{"@context":"https:\/\/schema.org","@graph":[{"@type":"WebPage","@id":"https:\/\/draximenavila.com\/index.php\/lobuloplasty\/","url":"https:\/\/draximenavila.com\/index.php\/lobuloplasty\/","name":"Lobuloplasty | Cirugia Pl\u00e1stica y Est\u00e9tica en Bogot\u00e1 Colombia","isPartOf":{"@id":"https:\/\/draximenavila.com\/#website"},"datePublished":"2022-11-11T20:01:24+00:00","dateModified":"2025-07-17T17:36:45+00:00","breadcrumb":{"@id":"https:\/\/draximenavila.com\/index.php\/lobuloplasty\/#breadcrumb"},"inLanguage":"en-US","potentialAction":[{"@type":"ReadAction","target":["https:\/\/draximenavila.com\/index.php\/lobuloplasty\/"]}]},{"@type":"BreadcrumbList","@id":"https:\/\/draximenavila.com\/index.php\/lobuloplasty\/#breadcrumb","itemListElement":[{"@type":"ListItem","position":1,"name":"Home","item":"https:\/\/draximenavila.com\/"},{"@type":"ListItem","position":2,"name":"Lobuloplasty"}]},{"@type":"WebSite","@id":"https:\/\/draximenavila.com\/#website","url":"https:\/\/draximenavila.com\/","name":"Cirugia Pl\u00e1stica y Est\u00e9tica en Bogot\u00e1 Colombia","description":"Tummy tuck, Ear surgery and Hair implant","publisher":{"@id":"https:\/\/draximenavila.com\/#organization"},"potentialAction":[{"@type":"SearchAction","target":{"@type":"EntryPoint","urlTemplate":"https:\/\/draximenavila.com\/?s={search_term_string}"},"query-input":{"@type":"PropertyValueSpecification","valueRequired":true,"valueName":"search_term_string"}}],"inLanguage":"en-US"},{"@type":"Organization","@id":"https:\/\/draximenavila.com\/#organization","name":"Medical office of Dr. Elsa Ximena Avila Ferreira","url":"https:\/\/draximenavila.com\/","logo":{"@type":"ImageObject","inLanguage":"en-US","@id":"https:\/\/draximenavila.com\/#\/schema\/logo\/image\/","url":"https:\/\/draximenavila.com\/wp-content\/uploads\/2022\/04\/cropped-Logo_Dra_Xime_recortado-removebg-SESP.png","contentUrl":"https:\/\/draximenavila.com\/wp-content\/uploads\/2022\/04\/cropped-Logo_Dra_Xime_recortado-removebg-SESP.png","width":285,"height":214,"caption":"Medical office of Dr. Elsa Ximena Avila Ferreira"},"image":{"@id":"https:\/\/draximenavila.com\/#\/schema\/logo\/image\/"}}]}},"_links":{"self":[{"href":"https:\/\/draximenavila.com\/index.php\/wp-json\/wp\/v2\/pages\/2712","targetHints":{"allow":["GET"]}}],"collection":[{"href":"https:\/\/draximenavila.com\/index.php\/wp-json\/wp\/v2\/pages"}],"about":[{"href":"https:\/\/draximenavila.com\/index.php\/wp-json\/wp\/v2\/types\/page"}],"author":[{"embeddable":true,"href":"https:\/\/draximenavila.com\/index.php\/wp-json\/wp\/v2\/users\/1"}],"replies":[{"embeddable":true,"href":"https:\/\/draximenavila.com\/index.php\/wp-json\/wp\/v2\/comments?post=2712"}],"version-history":[{"count":12,"href":"https:\/\/draximenavila.com\/index.php\/wp-json\/wp\/v2\/pages\/2712\/revisions"}],"predecessor-version":[{"id":2825,"href":"https:\/\/draximenavila.com\/index.php\/wp-json\/wp\/v2\/pages\/2712\/revisions\/2825"}],"wp:attachment":[{"href":"https:\/\/draximenavila.com\/index.php\/wp-json\/wp\/v2\/media?parent=2712"}],"curies":[{"name":"wp","href":"https:\/\/api.w.org\/{rel}","templated":true}]}}