{"id":2884,"date":"2025-08-05T20:09:53","date_gmt":"2025-08-05T20:09:53","guid":{"rendered":"https:\/\/draximenavila.com\/?page_id=2884"},"modified":"2025-08-13T21:28:39","modified_gmt":"2025-08-13T21:28:39","slug":"hair-implant","status":"publish","type":"page","link":"https:\/\/draximenavila.com\/index.php\/hair-implant\/","title":{"rendered":"Hair Implant"},"content":{"rendered":"<div id=\"pl-gb2884-69e4976faafe8\"  class=\"panel-layout\" ><div id=\"pg-gb2884-69e4976faafe8-0\"  class=\"panel-grid panel-no-style\" ><div id=\"pgc-gb2884-69e4976faafe8-0-0\"  class=\"panel-grid-cell\" ><div id=\"panel-gb2884-69e4976faafe8-0-0-0\" class=\"so-panel widget widget_text panel-first-child panel-last-child\" data-index=\"0\" ><h3 class=\"widget-title\">What does a hair implant consist of?<\/h3>\t\t\t<div class=\"textwidget\"><p>Hair implant or transplantation is a surgery that allows us to correct bald areas (partial or total absence of hair in some areas of the scalp, eyebrows, eyelashes, beard, etc.), in both men and women.<br \/>\nThe hair implant\u00a0 procedure is performed under local anesthesia or sedation or general anesthesia and is minimally invasive and we redesigns the way the patient wishes to improve their bald area and improves hair coverage.<br \/>\nThe initial recovery process lasts 10 to 15 days, and results are gradually seen over time. Final recovery is achieved between 6 months and 1 year after the treated area has healed and the new hair follicles have adapted.<br \/>\nThe surgery can last between 4 and 10 hours depending on the area being treated.<\/p>\n<\/div>\n\t\t<\/div><\/div><\/div><div id=\"pg-gb2884-69e4976faafe8-1\"  class=\"panel-grid panel-no-style\" ><div id=\"pgc-gb2884-69e4976faafe8-1-0\"  class=\"panel-grid-cell\" ><div id=\"panel-gb2884-69e4976faafe8-1-0-0\" class=\"so-panel widget widget_text panel-first-child panel-last-child\" data-index=\"1\" ><h3 class=\"widget-title\">Who should undergo a hair transplant procedure?<\/h3>\t\t\t<div class=\"textwidget\"><p>People with areas of gradual or partial hair loss as a result of trauma that causes hair loss in the eyebrows, beard or head, among others.<\/p>\n<\/div>\n\t\t<\/div><\/div><div id=\"pgc-gb2884-69e4976faafe8-1-1\"  class=\"panel-grid-cell\" ><div id=\"panel-gb2884-69e4976faafe8-1-1-0\" class=\"so-panel widget widget_media_image panel-first-child panel-last-child\" data-index=\"2\" ><h3 class=\"widget-title\">Male going through a follicular unit extraction process<\/h3><a href=\"https:\/\/www.freepik.com\/free-photo\/male-going-through-follicular-unit-extraction-process_18737184.htm#fromView=keyword&#038;page=1&#038;position=0&#038;uuid=f7460051-feac-4b9a-a6bf-6e3562c8df92&#038;query=Hair+Transplant\"><img decoding=\"async\" width=\"299\" height=\"200\" data-src=\"https:\/\/draximenavila.com\/wp-content\/uploads\/2025\/08\/male-going-through-follicular-unit-extraction-process.png\" class=\"image wp-image-2912  attachment-full size-full lazyload\" alt=\"Hair implant at male head\" style=\"--smush-placeholder-width: 299px; --smush-placeholder-aspect-ratio: 299\/200;max-width: 100%; height: auto;\" data-srcset=\"https:\/\/draximenavila.com\/wp-content\/uploads\/2025\/08\/male-going-through-follicular-unit-extraction-process.png 299w, https:\/\/draximenavila.com\/wp-content\/uploads\/2025\/08\/male-going-through-follicular-unit-extraction-process-272x182.png 272w\" data-sizes=\"(max-width: 299px) 100vw, 299px\" src=\"data:image\/svg+xml;base64,PHN2ZyB3aWR0aD0iMSIgaGVpZ2h0PSIxIiB4bWxucz0iaHR0cDovL3d3dy53My5vcmcvMjAwMC9zdmciPjwvc3ZnPg==\" \/><\/a><\/div><\/div><\/div><div id=\"pg-gb2884-69e4976faafe8-2\"  class=\"panel-grid panel-no-style\" ><div id=\"pgc-gb2884-69e4976faafe8-2-0\"  class=\"panel-grid-cell\" ><div id=\"panel-gb2884-69e4976faafe8-2-0-0\" class=\"so-panel widget widget_text panel-first-child\" data-index=\"3\" ><h3 class=\"widget-title\">What benefits and advantages does a hair transplant offer to patients?<\/h3>\t\t\t<div class=\"textwidget\"><p>Improves or corrects traumatic or aesthetic alterations in the shape or specific area of the body that appear as a defect due to the partial or total absence of hair.<\/p>\n<\/div>\n\t\t<\/div><div id=\"panel-gb2884-69e4976faafe8-2-0-1\" class=\"so-panel widget widget_text panel-last-child\" data-index=\"4\" ><h3 class=\"widget-title\">What characteristics should the hospital or clinic where hair implant surgical procedures are performed have?<\/h3>\t\t\t<div class=\"textwidget\"><p>\u2022 Have a multidisciplinary team with sufficient experience in managing the pathology.<br \/>\n\u2022 Have facilities suitable for performing the procedure.<br \/>\n\u2022 Have up-to-date legal permits required for the entity&#8217;s authorization.<br \/>\n\u2022 Handle sterile materials, appropriate sutures for the procedure, and necessary supplies.<\/p>\n<\/div>\n\t\t<\/div><\/div><\/div><div id=\"pg-gb2884-69e4976faafe8-3\"  class=\"panel-grid panel-no-style\" ><div id=\"pgc-gb2884-69e4976faafe8-3-0\"  class=\"panel-grid-cell\" ><div id=\"panel-gb2884-69e4976faafe8-3-0-0\" class=\"so-panel widget widget_text panel-first-child panel-last-child\" data-index=\"5\" ><h3 class=\"widget-title\">What preoperative aspects should a person have in order to undergo a hair implant?<\/h3>\t\t\t<div class=\"textwidget\"><p>Anyone wishing to undergo a hair transplant must meet the following health conditions and meet the requirements listed below:<br \/>\n\u2022 Have normal clinical examinations<br \/>\n\u2022 Good nutritional status<br \/>\n\u2022 Prior psychological evaluation, if possible<br \/>\n\u2022 Review or evaluate the motivation that led to the decision to undergo the hair transplant procedure.<br \/>\n\u2022 Have no active medical condition<br \/>\n\u2022 Thoroughly review patient history, including: existing illnesses or pathologies, family history, previous surgeries, among others<br \/>\n\u2022 Read the instructions given by your doctor and any warning signs and emergencies<br \/>\n\u2022 Have a complication insurance policy if required<br \/>\n\u2022 Review the patient&#8217;s tissue quality to decide on reconstruction or whether they have both a donor and recipient area.<\/p>\n<\/div>\n\t\t<\/div><\/div><\/div><div id=\"pg-gb2884-69e4976faafe8-4\"  class=\"panel-grid panel-no-style\" ><div id=\"pgc-gb2884-69e4976faafe8-4-0\"  class=\"panel-grid-cell\" ><div id=\"panel-gb2884-69e4976faafe8-4-0-0\" class=\"so-panel widget widget_text panel-first-child panel-last-child\" data-index=\"6\" ><h3 class=\"widget-title\">Care after a transplant?<\/h3>\t\t\t<div class=\"textwidget\"><p>\u2022 Avoid excessive exercise (you will start going to the gym after one month with established guidelines to prevent dehiscence or trauma).<br \/>\n\u2022 Care for the hair grafts as directed.<br \/>\n\u2022 Walk around immediately, which will prevent PE (thrombi).<br \/>\n\u2022 Wear the compression bandage that was applied after the procedure until it is removed by your doctor.<br \/>\n\u2022 Take medications as directed by your attending physician.<br \/>\n\u2022 Hydrate with water and serum for the grafts every 2 hours initially and daily as directed.<br \/>\n\u2022 Avoid performing any maneuvers or treatments other than those prescribed by your attending physician.<br \/>\n\u2022 Your first hair wash will be done directly in the clinic to prevent graft loss.<br \/>\n\u2022 Postoperative checkups as directed.<br \/>\n\u2022 Be familiar with the warning signs and emergency procedures and report them immediately.<br \/>\n\u2022 Check tissue vitality daily (scabs, infection, erythema, edema), and report them daily.<\/p>\n<\/div>\n\t\t<\/div><\/div><\/div><\/div>","protected":false},"excerpt":{"rendered":"<p>Hair implant or transplantation is a surgery that allows us to correct bald areas (partial or total absence of hair in some areas of the scalp, eyebrows, eyelashes, beard, etc.), &#8230;<\/p>\n","protected":false},"author":1,"featured_media":0,"parent":0,"menu_order":0,"comment_status":"closed","ping_status":"closed","template":"template-fullwidth.php","meta":{"footnotes":""},"class_list":["post-2884","page","type-page","status-publish","hentry"],"yoast_head":"<!-- This site is optimized with the Yoast SEO plugin v25.6 - https:\/\/yoast.com\/wordpress\/plugins\/seo\/ -->\n<title>Hair Implant | Cirugia Pl\u00e1stica y Est\u00e9tica en Bogot\u00e1 Colombia<\/title>\n<meta name=\"description\" content=\"Dr. Ximena Avila Ferreira&#039;s office offers hair implant services to help you regain your figure and self-esteem.\" \/>\n<meta name=\"robots\" content=\"index, follow, max-snippet:-1, max-image-preview:large, max-video-preview:-1\" \/>\n<link rel=\"canonical\" href=\"https:\/\/draximenavila.com\/index.php\/hair-implant\/\" \/>\n<meta property=\"og:locale\" content=\"en_US\" \/>\n<meta property=\"og:type\" content=\"article\" \/>\n<meta property=\"og:title\" content=\"Hair Implant | Cirugia Pl\u00e1stica y Est\u00e9tica en Bogot\u00e1 Colombia\" \/>\n<meta property=\"og:description\" content=\"Dr. Ximena Avila Ferreira&#039;s office offers hair implant services to help you regain your figure and self-esteem.\" \/>\n<meta property=\"og:url\" content=\"https:\/\/draximenavila.com\/index.php\/hair-implant\/\" \/>\n<meta property=\"og:site_name\" content=\"Cirugia Pl\u00e1stica y Est\u00e9tica en Bogot\u00e1 Colombia\" \/>\n<meta property=\"article:modified_time\" content=\"2025-08-13T21:28:39+00:00\" \/>\n<meta name=\"twitter:card\" content=\"summary_large_image\" \/>\n<script type=\"application\/ld+json\" class=\"yoast-schema-graph\">{\"@context\":\"https:\/\/schema.org\",\"@graph\":[{\"@type\":\"WebPage\",\"@id\":\"https:\/\/draximenavila.com\/index.php\/hair-implant\/\",\"url\":\"https:\/\/draximenavila.com\/index.php\/hair-implant\/\",\"name\":\"Hair Implant | Cirugia Pl\u00e1stica y Est\u00e9tica en Bogot\u00e1 Colombia\",\"isPartOf\":{\"@id\":\"https:\/\/draximenavila.com\/#website\"},\"datePublished\":\"2025-08-05T20:09:53+00:00\",\"dateModified\":\"2025-08-13T21:28:39+00:00\",\"description\":\"Dr. Ximena Avila Ferreira's office offers hair implant services to help you regain your figure and self-esteem.\",\"breadcrumb\":{\"@id\":\"https:\/\/draximenavila.com\/index.php\/hair-implant\/#breadcrumb\"},\"inLanguage\":\"en-US\",\"potentialAction\":[{\"@type\":\"ReadAction\",\"target\":[\"https:\/\/draximenavila.com\/index.php\/hair-implant\/\"]}]},{\"@type\":\"BreadcrumbList\",\"@id\":\"https:\/\/draximenavila.com\/index.php\/hair-implant\/#breadcrumb\",\"itemListElement\":[{\"@type\":\"ListItem\",\"position\":1,\"name\":\"Home\",\"item\":\"https:\/\/draximenavila.com\/\"},{\"@type\":\"ListItem\",\"position\":2,\"name\":\"Hair Implant\"}]},{\"@type\":\"WebSite\",\"@id\":\"https:\/\/draximenavila.com\/#website\",\"url\":\"https:\/\/draximenavila.com\/\",\"name\":\"Cirugia Pl\u00e1stica y Est\u00e9tica en Bogot\u00e1 Colombia\",\"description\":\"Tummy tuck, Ear surgery and Hair implant\",\"publisher\":{\"@id\":\"https:\/\/draximenavila.com\/#organization\"},\"potentialAction\":[{\"@type\":\"SearchAction\",\"target\":{\"@type\":\"EntryPoint\",\"urlTemplate\":\"https:\/\/draximenavila.com\/?s={search_term_string}\"},\"query-input\":{\"@type\":\"PropertyValueSpecification\",\"valueRequired\":true,\"valueName\":\"search_term_string\"}}],\"inLanguage\":\"en-US\"},{\"@type\":\"Organization\",\"@id\":\"https:\/\/draximenavila.com\/#organization\",\"name\":\"Medical office of Dr. Elsa Ximena Avila Ferreira\",\"url\":\"https:\/\/draximenavila.com\/\",\"logo\":{\"@type\":\"ImageObject\",\"inLanguage\":\"en-US\",\"@id\":\"https:\/\/draximenavila.com\/#\/schema\/logo\/image\/\",\"url\":\"https:\/\/draximenavila.com\/wp-content\/uploads\/2022\/04\/cropped-Logo_Dra_Xime_recortado-removebg-SESP.png\",\"contentUrl\":\"https:\/\/draximenavila.com\/wp-content\/uploads\/2022\/04\/cropped-Logo_Dra_Xime_recortado-removebg-SESP.png\",\"width\":285,\"height\":214,\"caption\":\"Medical office of Dr. Elsa Ximena Avila Ferreira\"},\"image\":{\"@id\":\"https:\/\/draximenavila.com\/#\/schema\/logo\/image\/\"}}]}<\/script>\n<!-- \/ Yoast SEO plugin. -->","yoast_head_json":{"title":"Hair Implant | Cirugia Pl\u00e1stica y Est\u00e9tica en Bogot\u00e1 Colombia","description":"Dr. Ximena Avila Ferreira's office offers hair implant services to help you regain your figure and self-esteem.","robots":{"index":"index","follow":"follow","max-snippet":"max-snippet:-1","max-image-preview":"max-image-preview:large","max-video-preview":"max-video-preview:-1"},"canonical":"https:\/\/draximenavila.com\/index.php\/hair-implant\/","og_locale":"en_US","og_type":"article","og_title":"Hair Implant | Cirugia Pl\u00e1stica y Est\u00e9tica en Bogot\u00e1 Colombia","og_description":"Dr. Ximena Avila Ferreira's office offers hair implant services to help you regain your figure and self-esteem.","og_url":"https:\/\/draximenavila.com\/index.php\/hair-implant\/","og_site_name":"Cirugia Pl\u00e1stica y Est\u00e9tica en Bogot\u00e1 Colombia","article_modified_time":"2025-08-13T21:28:39+00:00","twitter_card":"summary_large_image","schema":{"@context":"https:\/\/schema.org","@graph":[{"@type":"WebPage","@id":"https:\/\/draximenavila.com\/index.php\/hair-implant\/","url":"https:\/\/draximenavila.com\/index.php\/hair-implant\/","name":"Hair Implant | Cirugia Pl\u00e1stica y Est\u00e9tica en Bogot\u00e1 Colombia","isPartOf":{"@id":"https:\/\/draximenavila.com\/#website"},"datePublished":"2025-08-05T20:09:53+00:00","dateModified":"2025-08-13T21:28:39+00:00","description":"Dr. Ximena Avila Ferreira's office offers hair implant services to help you regain your figure and self-esteem.","breadcrumb":{"@id":"https:\/\/draximenavila.com\/index.php\/hair-implant\/#breadcrumb"},"inLanguage":"en-US","potentialAction":[{"@type":"ReadAction","target":["https:\/\/draximenavila.com\/index.php\/hair-implant\/"]}]},{"@type":"BreadcrumbList","@id":"https:\/\/draximenavila.com\/index.php\/hair-implant\/#breadcrumb","itemListElement":[{"@type":"ListItem","position":1,"name":"Home","item":"https:\/\/draximenavila.com\/"},{"@type":"ListItem","position":2,"name":"Hair Implant"}]},{"@type":"WebSite","@id":"https:\/\/draximenavila.com\/#website","url":"https:\/\/draximenavila.com\/","name":"Cirugia Pl\u00e1stica y Est\u00e9tica en Bogot\u00e1 Colombia","description":"Tummy tuck, Ear surgery and Hair implant","publisher":{"@id":"https:\/\/draximenavila.com\/#organization"},"potentialAction":[{"@type":"SearchAction","target":{"@type":"EntryPoint","urlTemplate":"https:\/\/draximenavila.com\/?s={search_term_string}"},"query-input":{"@type":"PropertyValueSpecification","valueRequired":true,"valueName":"search_term_string"}}],"inLanguage":"en-US"},{"@type":"Organization","@id":"https:\/\/draximenavila.com\/#organization","name":"Medical office of Dr. Elsa Ximena Avila Ferreira","url":"https:\/\/draximenavila.com\/","logo":{"@type":"ImageObject","inLanguage":"en-US","@id":"https:\/\/draximenavila.com\/#\/schema\/logo\/image\/","url":"https:\/\/draximenavila.com\/wp-content\/uploads\/2022\/04\/cropped-Logo_Dra_Xime_recortado-removebg-SESP.png","contentUrl":"https:\/\/draximenavila.com\/wp-content\/uploads\/2022\/04\/cropped-Logo_Dra_Xime_recortado-removebg-SESP.png","width":285,"height":214,"caption":"Medical office of Dr. Elsa Ximena Avila Ferreira"},"image":{"@id":"https:\/\/draximenavila.com\/#\/schema\/logo\/image\/"}}]}},"_links":{"self":[{"href":"https:\/\/draximenavila.com\/index.php\/wp-json\/wp\/v2\/pages\/2884","targetHints":{"allow":["GET"]}}],"collection":[{"href":"https:\/\/draximenavila.com\/index.php\/wp-json\/wp\/v2\/pages"}],"about":[{"href":"https:\/\/draximenavila.com\/index.php\/wp-json\/wp\/v2\/types\/page"}],"author":[{"embeddable":true,"href":"https:\/\/draximenavila.com\/index.php\/wp-json\/wp\/v2\/users\/1"}],"replies":[{"embeddable":true,"href":"https:\/\/draximenavila.com\/index.php\/wp-json\/wp\/v2\/comments?post=2884"}],"version-history":[{"count":23,"href":"https:\/\/draximenavila.com\/index.php\/wp-json\/wp\/v2\/pages\/2884\/revisions"}],"predecessor-version":[{"id":2924,"href":"https:\/\/draximenavila.com\/index.php\/wp-json\/wp\/v2\/pages\/2884\/revisions\/2924"}],"wp:attachment":[{"href":"https:\/\/draximenavila.com\/index.php\/wp-json\/wp\/v2\/media?parent=2884"}],"curies":[{"name":"wp","href":"https:\/\/api.w.org\/{rel}","templated":true}]}}