{"id":3,"date":"2021-10-22T00:58:58","date_gmt":"2021-10-22T00:58:58","guid":{"rendered":"http:\/\/draximenavila.com\/?page_id=3"},"modified":"2022-05-14T18:31:09","modified_gmt":"2022-05-14T18:31:09","slug":"privacy-policy","status":"publish","type":"page","link":"https:\/\/draximenavila.com\/index.php\/privacy-policy\/","title":{"rendered":"Privacy Policy"},"content":{"rendered":"<p><span style=\"color: #999999;\"> Privacy Policy establishes the terms in which Dra. XIMENA AVILA FERREIRA uses and protects the information that is provided by its users when using its website. This company is committed to the security of its users&#8217; data. When we ask you to fill in the fields of personal information with which you can be identified, we do so ensuring that it will only be used in accordance with the terms of this document. However, this Privacy Policy may change over time or be updated so we recommend and emphasize continually reviewing this page to ensure that you agree to such changes.<\/span><\/p>\n\n\n<h3 class=\"wp-block-heading\">Information that is collected<\/h3>\n\n\n<p><span style=\"color: #999999;\">Our website may collect personal information such as: Name, contact information such as your email address and demographic information. Also when it is possible that it is necessary to request specific information to process an order or make a delivery or billing.<\/span><\/p>\n\n\n<h3 class=\"wp-block-heading\">Use of collected information<\/h3>\n\n\n<p><span style=\"color: #999999;\">Our website uses the information in order to provide the best possible service, particularly to maintain a register of users, orders if applicable, and improve our products and services. It is possible that emails will be sent periodically through our site with special offers, new products and other advertising information that we consider relevant to you or that may provide you with some benefit, these emails will be sent to the address you provide and may be canceled. anytime.<\/span><\/p>\n<p><span style=\"color: #999999;\">Dra. XIMENA AVILA FERREIRA is highly committed to fulfilling the commitment to keep your information secure. We use the most advanced systems and will establish them to ensure that there is no unauthorized access.<\/span><\/p>\n\n\n<h3 class=\"wp-block-heading\">Cookies<\/h3>\n\n\n<p><span style=\"color: #999999;\">Our website uses cookies to be able to identify the pages that are visited and their frequency. This information is used only for statistical analysis and then the information is permanently deleted. You can delete cookies at any time from your computer. However, cookies help to provide a better service for websites, you do not give access to information from your computer or from you, unless you want it and provide it directly, visits to a website. You can accept or deny the use of cookies, however, most browsers automatically accept cookies as it serves to have a better web service. You can also change your computer settings to decline cookies. If they are declined, you may not be able to use some of our services.<\/span><\/p>\n<p><span style=\"color: #999999;\">A cookie refers to a file that is sent in order to request permission to be stored on your computer, by accepting said file it is created and the cookie then serves to have information regarding web traffic, and also facilitates future visits to a web recurrent. Another function that cookies have is that with them the websites can recognize you individually and therefore provide you with the best personalized service on their website.<\/span><\/p>\n\n\n<h3 class=\"wp-block-heading\">Links to Third Parties<\/h3>\n\n\n<p><span style=\"color: #999999;\">This website may contain links to other sites that may be of interest to you. Once you click on these links and leave our page, we no longer have control over the site to which you are redirected and therefore we are not responsible for the terms or privacy or the protection of your data on those other third party sites. These sites are subject to their own privacy policies, so it is recommended that you consult them to confirm that you agree with them. <\/span><\/p>\n\n\n<h3 class=\"wp-block-heading\">Control of your personal information<\/h3>\n\n\n<p><span style=\"color: #999999;\">At any time you can restrict the collection or use of personal information that is provided to our website. Each time you are asked to fill in a form, such as user registration, you can check or uncheck the option to receive information by email. In case you have marked the option to receive our newsletter or advertising, you can cancel it at any time.<\/span><\/p>\n\n<p><span style=\"color: #999999;\">This company will not sell, transfer or distribute the personal information that is collected without your consent, unless required by a judge with a court order.<\/span><\/p>\n\n\n<p>This privacy policy has been generated in<a href=\" https:\/\/politicadeprivacidadp\"> <\/a><a href=\"https:\/\/politicadeprivacidadplantilla.com\" target=\"_blank\" rel=\"noreferrer noopener\">https:\/\/politicadeprivacidadplantilla.com<\/a> <\/p>\n\n\n\n<p>RQG (2021,11,17)<\/p>\n","protected":false},"excerpt":{"rendered":"<p>Privacy Policy establishes the terms in which Dra. XIMENA AVILA FERREIRA uses and protects the information that is provided by its users when using its website. This company is committed &#8230;<\/p>\n","protected":false},"author":1,"featured_media":0,"parent":0,"menu_order":0,"comment_status":"closed","ping_status":"closed","template":"template-fullwidth.php","meta":{"footnotes":""},"class_list":["post-3","page","type-page","status-publish","hentry"],"yoast_head":"<!-- This site is optimized with the Yoast SEO plugin v25.6 - https:\/\/yoast.com\/wordpress\/plugins\/seo\/ -->\n<title>Privacy Policy | Cirugia Pl\u00e1stica y Est\u00e9tica en Bogot\u00e1 Colombia<\/title>\n<meta name=\"robots\" content=\"index, follow, max-snippet:-1, max-image-preview:large, max-video-preview:-1\" \/>\n<link rel=\"canonical\" href=\"https:\/\/draximenavila.com\/index.php\/privacy-policy\/\" \/>\n<meta property=\"og:locale\" content=\"en_US\" \/>\n<meta property=\"og:type\" content=\"article\" \/>\n<meta property=\"og:title\" content=\"Privacy Policy | Cirugia Pl\u00e1stica y Est\u00e9tica en Bogot\u00e1 Colombia\" \/>\n<meta property=\"og:description\" content=\"Privacy Policy establishes the terms in which Dra. XIMENA AVILA FERREIRA uses and protects the information that is provided by its users when using its website. This company is committed ...\" \/>\n<meta property=\"og:url\" content=\"https:\/\/draximenavila.com\/index.php\/privacy-policy\/\" \/>\n<meta property=\"og:site_name\" content=\"Cirugia Pl\u00e1stica y Est\u00e9tica en Bogot\u00e1 Colombia\" \/>\n<meta property=\"article:modified_time\" content=\"2022-05-14T18:31:09+00:00\" \/>\n<meta name=\"twitter:card\" content=\"summary_large_image\" \/>\n<meta name=\"twitter:label1\" content=\"Est. reading time\" \/>\n\t<meta name=\"twitter:data1\" content=\"3 minutes\" \/>\n<script type=\"application\/ld+json\" class=\"yoast-schema-graph\">{\"@context\":\"https:\/\/schema.org\",\"@graph\":[{\"@type\":\"WebPage\",\"@id\":\"https:\/\/draximenavila.com\/index.php\/privacy-policy\/\",\"url\":\"https:\/\/draximenavila.com\/index.php\/privacy-policy\/\",\"name\":\"Privacy Policy | Cirugia Pl\u00e1stica y Est\u00e9tica en Bogot\u00e1 Colombia\",\"isPartOf\":{\"@id\":\"https:\/\/draximenavila.com\/#website\"},\"datePublished\":\"2021-10-22T00:58:58+00:00\",\"dateModified\":\"2022-05-14T18:31:09+00:00\",\"breadcrumb\":{\"@id\":\"https:\/\/draximenavila.com\/index.php\/privacy-policy\/#breadcrumb\"},\"inLanguage\":\"en-US\",\"potentialAction\":[{\"@type\":\"ReadAction\",\"target\":[\"https:\/\/draximenavila.com\/index.php\/privacy-policy\/\"]}]},{\"@type\":\"BreadcrumbList\",\"@id\":\"https:\/\/draximenavila.com\/index.php\/privacy-policy\/#breadcrumb\",\"itemListElement\":[{\"@type\":\"ListItem\",\"position\":1,\"name\":\"Home\",\"item\":\"https:\/\/draximenavila.com\/\"},{\"@type\":\"ListItem\",\"position\":2,\"name\":\"Privacy Policy\"}]},{\"@type\":\"WebSite\",\"@id\":\"https:\/\/draximenavila.com\/#website\",\"url\":\"https:\/\/draximenavila.com\/\",\"name\":\"Cirugia Pl\u00e1stica y Est\u00e9tica en Bogot\u00e1 Colombia\",\"description\":\"Tummy tuck, Ear surgery and Hair implant\",\"publisher\":{\"@id\":\"https:\/\/draximenavila.com\/#organization\"},\"potentialAction\":[{\"@type\":\"SearchAction\",\"target\":{\"@type\":\"EntryPoint\",\"urlTemplate\":\"https:\/\/draximenavila.com\/?s={search_term_string}\"},\"query-input\":{\"@type\":\"PropertyValueSpecification\",\"valueRequired\":true,\"valueName\":\"search_term_string\"}}],\"inLanguage\":\"en-US\"},{\"@type\":\"Organization\",\"@id\":\"https:\/\/draximenavila.com\/#organization\",\"name\":\"Medical office of Dr. Elsa Ximena Avila Ferreira\",\"url\":\"https:\/\/draximenavila.com\/\",\"logo\":{\"@type\":\"ImageObject\",\"inLanguage\":\"en-US\",\"@id\":\"https:\/\/draximenavila.com\/#\/schema\/logo\/image\/\",\"url\":\"https:\/\/draximenavila.com\/wp-content\/uploads\/2022\/04\/cropped-Logo_Dra_Xime_recortado-removebg-SESP.png\",\"contentUrl\":\"https:\/\/draximenavila.com\/wp-content\/uploads\/2022\/04\/cropped-Logo_Dra_Xime_recortado-removebg-SESP.png\",\"width\":285,\"height\":214,\"caption\":\"Medical office of Dr. Elsa Ximena Avila Ferreira\"},\"image\":{\"@id\":\"https:\/\/draximenavila.com\/#\/schema\/logo\/image\/\"}}]}<\/script>\n<!-- \/ Yoast SEO plugin. -->","yoast_head_json":{"title":"Privacy Policy | Cirugia Pl\u00e1stica y Est\u00e9tica en Bogot\u00e1 Colombia","robots":{"index":"index","follow":"follow","max-snippet":"max-snippet:-1","max-image-preview":"max-image-preview:large","max-video-preview":"max-video-preview:-1"},"canonical":"https:\/\/draximenavila.com\/index.php\/privacy-policy\/","og_locale":"en_US","og_type":"article","og_title":"Privacy Policy | Cirugia Pl\u00e1stica y Est\u00e9tica en Bogot\u00e1 Colombia","og_description":"Privacy Policy establishes the terms in which Dra. XIMENA AVILA FERREIRA uses and protects the information that is provided by its users when using its website. This company is committed ...","og_url":"https:\/\/draximenavila.com\/index.php\/privacy-policy\/","og_site_name":"Cirugia Pl\u00e1stica y Est\u00e9tica en Bogot\u00e1 Colombia","article_modified_time":"2022-05-14T18:31:09+00:00","twitter_card":"summary_large_image","twitter_misc":{"Est. reading time":"3 minutes"},"schema":{"@context":"https:\/\/schema.org","@graph":[{"@type":"WebPage","@id":"https:\/\/draximenavila.com\/index.php\/privacy-policy\/","url":"https:\/\/draximenavila.com\/index.php\/privacy-policy\/","name":"Privacy Policy | Cirugia Pl\u00e1stica y Est\u00e9tica en Bogot\u00e1 Colombia","isPartOf":{"@id":"https:\/\/draximenavila.com\/#website"},"datePublished":"2021-10-22T00:58:58+00:00","dateModified":"2022-05-14T18:31:09+00:00","breadcrumb":{"@id":"https:\/\/draximenavila.com\/index.php\/privacy-policy\/#breadcrumb"},"inLanguage":"en-US","potentialAction":[{"@type":"ReadAction","target":["https:\/\/draximenavila.com\/index.php\/privacy-policy\/"]}]},{"@type":"BreadcrumbList","@id":"https:\/\/draximenavila.com\/index.php\/privacy-policy\/#breadcrumb","itemListElement":[{"@type":"ListItem","position":1,"name":"Home","item":"https:\/\/draximenavila.com\/"},{"@type":"ListItem","position":2,"name":"Privacy Policy"}]},{"@type":"WebSite","@id":"https:\/\/draximenavila.com\/#website","url":"https:\/\/draximenavila.com\/","name":"Cirugia Pl\u00e1stica y Est\u00e9tica en Bogot\u00e1 Colombia","description":"Tummy tuck, Ear surgery and Hair implant","publisher":{"@id":"https:\/\/draximenavila.com\/#organization"},"potentialAction":[{"@type":"SearchAction","target":{"@type":"EntryPoint","urlTemplate":"https:\/\/draximenavila.com\/?s={search_term_string}"},"query-input":{"@type":"PropertyValueSpecification","valueRequired":true,"valueName":"search_term_string"}}],"inLanguage":"en-US"},{"@type":"Organization","@id":"https:\/\/draximenavila.com\/#organization","name":"Medical office of Dr. Elsa Ximena Avila Ferreira","url":"https:\/\/draximenavila.com\/","logo":{"@type":"ImageObject","inLanguage":"en-US","@id":"https:\/\/draximenavila.com\/#\/schema\/logo\/image\/","url":"https:\/\/draximenavila.com\/wp-content\/uploads\/2022\/04\/cropped-Logo_Dra_Xime_recortado-removebg-SESP.png","contentUrl":"https:\/\/draximenavila.com\/wp-content\/uploads\/2022\/04\/cropped-Logo_Dra_Xime_recortado-removebg-SESP.png","width":285,"height":214,"caption":"Medical office of Dr. Elsa Ximena Avila Ferreira"},"image":{"@id":"https:\/\/draximenavila.com\/#\/schema\/logo\/image\/"}}]}},"_links":{"self":[{"href":"https:\/\/draximenavila.com\/index.php\/wp-json\/wp\/v2\/pages\/3","targetHints":{"allow":["GET"]}}],"collection":[{"href":"https:\/\/draximenavila.com\/index.php\/wp-json\/wp\/v2\/pages"}],"about":[{"href":"https:\/\/draximenavila.com\/index.php\/wp-json\/wp\/v2\/types\/page"}],"author":[{"embeddable":true,"href":"https:\/\/draximenavila.com\/index.php\/wp-json\/wp\/v2\/users\/1"}],"replies":[{"embeddable":true,"href":"https:\/\/draximenavila.com\/index.php\/wp-json\/wp\/v2\/comments?post=3"}],"version-history":[{"count":11,"href":"https:\/\/draximenavila.com\/index.php\/wp-json\/wp\/v2\/pages\/3\/revisions"}],"predecessor-version":[{"id":2637,"href":"https:\/\/draximenavila.com\/index.php\/wp-json\/wp\/v2\/pages\/3\/revisions\/2637"}],"wp:attachment":[{"href":"https:\/\/draximenavila.com\/index.php\/wp-json\/wp\/v2\/media?parent=3"}],"curies":[{"name":"wp","href":"https:\/\/api.w.org\/{rel}","templated":true}]}}