{"id":2210,"date":"2021-11-24T01:40:41","date_gmt":"2021-11-24T01:40:41","guid":{"rendered":"https:\/\/draximenavila.com\/?post_type=product&#038;p=2210"},"modified":"2021-12-03T17:24:29","modified_gmt":"2021-12-03T17:24:29","slug":"hair-bioplasm-with-mesotherapy","status":"publish","type":"product","link":"https:\/\/draximenavila.com\/index.php\/product\/hair-bioplasm-with-mesotherapy\/","title":{"rendered":"Hair bioplasm with mesotherapy"},"content":{"rendered":"","protected":false},"excerpt":{"rendered":"<p>Procedure used to regain vitality in hair and prevent hair loss.<br \/>\nWhen mesotherapy is required, the addition of medications is necessary to help prevent hair loss, control hair loss or increase its volume.<\/p>\n","protected":false},"featured_media":2266,"comment_status":"open","ping_status":"closed","template":"","meta":[],"product_brand":[],"product_cat":[39],"product_tag":[],"class_list":{"0":"post-2210","1":"product","2":"type-product","3":"status-publish","4":"has-post-thumbnail","6":"product_cat-aesthetic-treatments","8":"first","9":"instock","10":"taxable","11":"shipping-taxable","12":"purchasable","13":"product-type-simple"},"yoast_head":"<!-- This site is optimized with the Yoast SEO plugin v25.6 - https:\/\/yoast.com\/wordpress\/plugins\/seo\/ -->\n<title>Hair bioplasm with mesotherapy | Cirugia Pl\u00e1stica y Est\u00e9tica en Bogot\u00e1 Colombia<\/title>\n<meta name=\"robots\" content=\"index, follow, max-snippet:-1, max-image-preview:large, max-video-preview:-1\" \/>\n<link rel=\"canonical\" href=\"https:\/\/draximenavila.com\/index.php\/product\/hair-bioplasm-with-mesotherapy\/\" \/>\n<meta property=\"og:locale\" content=\"en_US\" \/>\n<meta property=\"og:type\" content=\"article\" \/>\n<meta property=\"og:title\" content=\"Hair bioplasm with mesotherapy | Cirugia Pl\u00e1stica y Est\u00e9tica en Bogot\u00e1 Colombia\" \/>\n<meta property=\"og:description\" content=\"Procedure used to regain vitality in hair and prevent hair loss. When mesotherapy is required, the addition of medications is necessary to help prevent hair loss, control hair loss or increase its volume.\" \/>\n<meta property=\"og:url\" content=\"https:\/\/draximenavila.com\/index.php\/product\/hair-bioplasm-with-mesotherapy\/\" \/>\n<meta property=\"og:site_name\" content=\"Cirugia Pl\u00e1stica y Est\u00e9tica en Bogot\u00e1 Colombia\" \/>\n<meta property=\"article:modified_time\" content=\"2021-12-03T17:24:29+00:00\" \/>\n<meta property=\"og:image\" content=\"https:\/\/draximenavila.com\/wp-content\/uploads\/2021\/11\/Hair-Treatment1.png\" \/>\n\t<meta property=\"og:image:width\" content=\"400\" \/>\n\t<meta property=\"og:image:height\" content=\"400\" \/>\n\t<meta property=\"og:image:type\" content=\"image\/png\" \/>\n<meta name=\"twitter:card\" content=\"summary_large_image\" \/>\n<script type=\"application\/ld+json\" class=\"yoast-schema-graph\">{\"@context\":\"https:\/\/schema.org\",\"@graph\":[{\"@type\":\"WebPage\",\"@id\":\"https:\/\/draximenavila.com\/index.php\/product\/hair-bioplasm-with-mesotherapy\/\",\"url\":\"https:\/\/draximenavila.com\/index.php\/product\/hair-bioplasm-with-mesotherapy\/\",\"name\":\"Hair bioplasm with mesotherapy | Cirugia Pl\u00e1stica y Est\u00e9tica en Bogot\u00e1 Colombia\",\"isPartOf\":{\"@id\":\"https:\/\/draximenavila.com\/#website\"},\"primaryImageOfPage\":{\"@id\":\"https:\/\/draximenavila.com\/index.php\/product\/hair-bioplasm-with-mesotherapy\/#primaryimage\"},\"image\":{\"@id\":\"https:\/\/draximenavila.com\/index.php\/product\/hair-bioplasm-with-mesotherapy\/#primaryimage\"},\"thumbnailUrl\":\"https:\/\/draximenavila.com\/wp-content\/uploads\/2021\/11\/Hair-Treatment1.png\",\"datePublished\":\"2021-11-24T01:40:41+00:00\",\"dateModified\":\"2021-12-03T17:24:29+00:00\",\"breadcrumb\":{\"@id\":\"https:\/\/draximenavila.com\/index.php\/product\/hair-bioplasm-with-mesotherapy\/#breadcrumb\"},\"inLanguage\":\"en-US\",\"potentialAction\":[{\"@type\":\"ReadAction\",\"target\":[\"https:\/\/draximenavila.com\/index.php\/product\/hair-bioplasm-with-mesotherapy\/\"]}]},{\"@type\":\"ImageObject\",\"inLanguage\":\"en-US\",\"@id\":\"https:\/\/draximenavila.com\/index.php\/product\/hair-bioplasm-with-mesotherapy\/#primaryimage\",\"url\":\"https:\/\/draximenavila.com\/wp-content\/uploads\/2021\/11\/Hair-Treatment1.png\",\"contentUrl\":\"https:\/\/draximenavila.com\/wp-content\/uploads\/2021\/11\/Hair-Treatment1.png\",\"width\":400,\"height\":400,\"caption\":\"Photo by Artem Podrez from Pexels\"},{\"@type\":\"BreadcrumbList\",\"@id\":\"https:\/\/draximenavila.com\/index.php\/product\/hair-bioplasm-with-mesotherapy\/#breadcrumb\",\"itemListElement\":[{\"@type\":\"ListItem\",\"position\":1,\"name\":\"Home\",\"item\":\"https:\/\/draximenavila.com\/\"},{\"@type\":\"ListItem\",\"position\":2,\"name\":\"Shop\",\"item\":\"https:\/\/draximenavila.com\/index.php\/shop\/\"},{\"@type\":\"ListItem\",\"position\":3,\"name\":\"Hair bioplasm with mesotherapy\"}]},{\"@type\":\"WebSite\",\"@id\":\"https:\/\/draximenavila.com\/#website\",\"url\":\"https:\/\/draximenavila.com\/\",\"name\":\"Cirugia Pl\u00e1stica y Est\u00e9tica en Bogot\u00e1 Colombia\",\"description\":\"Tummy tuck, Ear surgery and Hair implant\",\"publisher\":{\"@id\":\"https:\/\/draximenavila.com\/#organization\"},\"potentialAction\":[{\"@type\":\"SearchAction\",\"target\":{\"@type\":\"EntryPoint\",\"urlTemplate\":\"https:\/\/draximenavila.com\/?s={search_term_string}\"},\"query-input\":{\"@type\":\"PropertyValueSpecification\",\"valueRequired\":true,\"valueName\":\"search_term_string\"}}],\"inLanguage\":\"en-US\"},{\"@type\":\"Organization\",\"@id\":\"https:\/\/draximenavila.com\/#organization\",\"name\":\"Medical office of Dr. Elsa Ximena Avila Ferreira\",\"url\":\"https:\/\/draximenavila.com\/\",\"logo\":{\"@type\":\"ImageObject\",\"inLanguage\":\"en-US\",\"@id\":\"https:\/\/draximenavila.com\/#\/schema\/logo\/image\/\",\"url\":\"https:\/\/draximenavila.com\/wp-content\/uploads\/2022\/04\/cropped-Logo_Dra_Xime_recortado-removebg-SESP.png\",\"contentUrl\":\"https:\/\/draximenavila.com\/wp-content\/uploads\/2022\/04\/cropped-Logo_Dra_Xime_recortado-removebg-SESP.png\",\"width\":285,\"height\":214,\"caption\":\"Medical office of Dr. Elsa Ximena Avila Ferreira\"},\"image\":{\"@id\":\"https:\/\/draximenavila.com\/#\/schema\/logo\/image\/\"}}]}<\/script>\n<!-- \/ Yoast SEO plugin. -->","yoast_head_json":{"title":"Hair bioplasm with mesotherapy | Cirugia Pl\u00e1stica y Est\u00e9tica en Bogot\u00e1 Colombia","robots":{"index":"index","follow":"follow","max-snippet":"max-snippet:-1","max-image-preview":"max-image-preview:large","max-video-preview":"max-video-preview:-1"},"canonical":"https:\/\/draximenavila.com\/index.php\/product\/hair-bioplasm-with-mesotherapy\/","og_locale":"en_US","og_type":"article","og_title":"Hair bioplasm with mesotherapy | Cirugia Pl\u00e1stica y Est\u00e9tica en Bogot\u00e1 Colombia","og_description":"Procedure used to regain vitality in hair and prevent hair loss. When mesotherapy is required, the addition of medications is necessary to help prevent hair loss, control hair loss or increase its volume.","og_url":"https:\/\/draximenavila.com\/index.php\/product\/hair-bioplasm-with-mesotherapy\/","og_site_name":"Cirugia Pl\u00e1stica y Est\u00e9tica en Bogot\u00e1 Colombia","article_modified_time":"2021-12-03T17:24:29+00:00","og_image":[{"width":400,"height":400,"url":"https:\/\/draximenavila.com\/wp-content\/uploads\/2021\/11\/Hair-Treatment1.png","type":"image\/png"}],"twitter_card":"summary_large_image","schema":{"@context":"https:\/\/schema.org","@graph":[{"@type":"WebPage","@id":"https:\/\/draximenavila.com\/index.php\/product\/hair-bioplasm-with-mesotherapy\/","url":"https:\/\/draximenavila.com\/index.php\/product\/hair-bioplasm-with-mesotherapy\/","name":"Hair bioplasm with mesotherapy | Cirugia Pl\u00e1stica y Est\u00e9tica en Bogot\u00e1 Colombia","isPartOf":{"@id":"https:\/\/draximenavila.com\/#website"},"primaryImageOfPage":{"@id":"https:\/\/draximenavila.com\/index.php\/product\/hair-bioplasm-with-mesotherapy\/#primaryimage"},"image":{"@id":"https:\/\/draximenavila.com\/index.php\/product\/hair-bioplasm-with-mesotherapy\/#primaryimage"},"thumbnailUrl":"https:\/\/draximenavila.com\/wp-content\/uploads\/2021\/11\/Hair-Treatment1.png","datePublished":"2021-11-24T01:40:41+00:00","dateModified":"2021-12-03T17:24:29+00:00","breadcrumb":{"@id":"https:\/\/draximenavila.com\/index.php\/product\/hair-bioplasm-with-mesotherapy\/#breadcrumb"},"inLanguage":"en-US","potentialAction":[{"@type":"ReadAction","target":["https:\/\/draximenavila.com\/index.php\/product\/hair-bioplasm-with-mesotherapy\/"]}]},{"@type":"ImageObject","inLanguage":"en-US","@id":"https:\/\/draximenavila.com\/index.php\/product\/hair-bioplasm-with-mesotherapy\/#primaryimage","url":"https:\/\/draximenavila.com\/wp-content\/uploads\/2021\/11\/Hair-Treatment1.png","contentUrl":"https:\/\/draximenavila.com\/wp-content\/uploads\/2021\/11\/Hair-Treatment1.png","width":400,"height":400,"caption":"Photo by Artem Podrez from Pexels"},{"@type":"BreadcrumbList","@id":"https:\/\/draximenavila.com\/index.php\/product\/hair-bioplasm-with-mesotherapy\/#breadcrumb","itemListElement":[{"@type":"ListItem","position":1,"name":"Home","item":"https:\/\/draximenavila.com\/"},{"@type":"ListItem","position":2,"name":"Shop","item":"https:\/\/draximenavila.com\/index.php\/shop\/"},{"@type":"ListItem","position":3,"name":"Hair bioplasm with mesotherapy"}]},{"@type":"WebSite","@id":"https:\/\/draximenavila.com\/#website","url":"https:\/\/draximenavila.com\/","name":"Cirugia Pl\u00e1stica y Est\u00e9tica en Bogot\u00e1 Colombia","description":"Tummy tuck, Ear surgery and Hair implant","publisher":{"@id":"https:\/\/draximenavila.com\/#organization"},"potentialAction":[{"@type":"SearchAction","target":{"@type":"EntryPoint","urlTemplate":"https:\/\/draximenavila.com\/?s={search_term_string}"},"query-input":{"@type":"PropertyValueSpecification","valueRequired":true,"valueName":"search_term_string"}}],"inLanguage":"en-US"},{"@type":"Organization","@id":"https:\/\/draximenavila.com\/#organization","name":"Medical office of Dr. Elsa Ximena Avila Ferreira","url":"https:\/\/draximenavila.com\/","logo":{"@type":"ImageObject","inLanguage":"en-US","@id":"https:\/\/draximenavila.com\/#\/schema\/logo\/image\/","url":"https:\/\/draximenavila.com\/wp-content\/uploads\/2022\/04\/cropped-Logo_Dra_Xime_recortado-removebg-SESP.png","contentUrl":"https:\/\/draximenavila.com\/wp-content\/uploads\/2022\/04\/cropped-Logo_Dra_Xime_recortado-removebg-SESP.png","width":285,"height":214,"caption":"Medical office of Dr. Elsa Ximena Avila Ferreira"},"image":{"@id":"https:\/\/draximenavila.com\/#\/schema\/logo\/image\/"}}]}},"_links":{"self":[{"href":"https:\/\/draximenavila.com\/index.php\/wp-json\/wp\/v2\/product\/2210","targetHints":{"allow":["GET"]}}],"collection":[{"href":"https:\/\/draximenavila.com\/index.php\/wp-json\/wp\/v2\/product"}],"about":[{"href":"https:\/\/draximenavila.com\/index.php\/wp-json\/wp\/v2\/types\/product"}],"replies":[{"embeddable":true,"href":"https:\/\/draximenavila.com\/index.php\/wp-json\/wp\/v2\/comments?post=2210"}],"wp:featuredmedia":[{"embeddable":true,"href":"https:\/\/draximenavila.com\/index.php\/wp-json\/wp\/v2\/media\/2266"}],"wp:attachment":[{"href":"https:\/\/draximenavila.com\/index.php\/wp-json\/wp\/v2\/media?parent=2210"}],"wp:term":[{"taxonomy":"product_brand","embeddable":true,"href":"https:\/\/draximenavila.com\/index.php\/wp-json\/wp\/v2\/product_brand?post=2210"},{"taxonomy":"product_cat","embeddable":true,"href":"https:\/\/draximenavila.com\/index.php\/wp-json\/wp\/v2\/product_cat?post=2210"},{"taxonomy":"product_tag","embeddable":true,"href":"https:\/\/draximenavila.com\/index.php\/wp-json\/wp\/v2\/product_tag?post=2210"}],"curies":[{"name":"wp","href":"https:\/\/api.w.org\/{rel}","templated":true}]}}