{"id":2284,"date":"2021-12-03T23:15:48","date_gmt":"2021-12-03T23:15:48","guid":{"rendered":"https:\/\/draximenavila.com\/?post_type=product&#038;p=2284"},"modified":"2021-12-03T23:19:11","modified_gmt":"2021-12-03T23:19:11","slug":"complex-reconstruction-of-the-ear-lobe","status":"publish","type":"product","link":"https:\/\/draximenavila.com\/index.php\/product\/complex-reconstruction-of-the-ear-lobe\/","title":{"rendered":"Complex reconstruction of the ear lobe"},"content":{"rendered":"","protected":false},"excerpt":{"rendered":"<p>Fixing of the ear lobe with damage greater than 1 millimeter<\/p>\n","protected":false},"featured_media":0,"comment_status":"open","ping_status":"closed","template":"","meta":[],"product_brand":[],"product_cat":[38],"product_tag":[],"class_list":{"0":"post-2284","1":"product","2":"type-product","3":"status-publish","5":"product_cat-reconstructive-treatments","7":"first","8":"instock","9":"taxable","10":"shipping-taxable","11":"purchasable","12":"product-type-simple"},"yoast_head":"<!-- This site is optimized with the Yoast SEO plugin v25.6 - https:\/\/yoast.com\/wordpress\/plugins\/seo\/ -->\n<title>Complex reconstruction of the ear lobe | Cirugia Pl\u00e1stica y Est\u00e9tica en Bogot\u00e1 Colombia<\/title>\n<meta name=\"robots\" content=\"index, follow, max-snippet:-1, max-image-preview:large, max-video-preview:-1\" \/>\n<link rel=\"canonical\" href=\"https:\/\/draximenavila.com\/index.php\/product\/complex-reconstruction-of-the-ear-lobe\/\" \/>\n<meta property=\"og:locale\" content=\"en_US\" \/>\n<meta property=\"og:type\" content=\"article\" \/>\n<meta property=\"og:title\" content=\"Complex reconstruction of the ear lobe | Cirugia Pl\u00e1stica y Est\u00e9tica en Bogot\u00e1 Colombia\" \/>\n<meta property=\"og:description\" content=\"Fixing of the ear lobe with damage greater than 1 millimeter\" \/>\n<meta property=\"og:url\" content=\"https:\/\/draximenavila.com\/index.php\/product\/complex-reconstruction-of-the-ear-lobe\/\" \/>\n<meta property=\"og:site_name\" content=\"Cirugia Pl\u00e1stica y Est\u00e9tica en Bogot\u00e1 Colombia\" \/>\n<meta property=\"article:modified_time\" content=\"2021-12-03T23:19:11+00:00\" \/>\n<meta name=\"twitter:card\" content=\"summary_large_image\" \/>\n<script type=\"application\/ld+json\" class=\"yoast-schema-graph\">{\"@context\":\"https:\/\/schema.org\",\"@graph\":[{\"@type\":\"WebPage\",\"@id\":\"https:\/\/draximenavila.com\/index.php\/product\/complex-reconstruction-of-the-ear-lobe\/\",\"url\":\"https:\/\/draximenavila.com\/index.php\/product\/complex-reconstruction-of-the-ear-lobe\/\",\"name\":\"Complex reconstruction of the ear lobe | Cirugia Pl\u00e1stica y Est\u00e9tica en Bogot\u00e1 Colombia\",\"isPartOf\":{\"@id\":\"https:\/\/draximenavila.com\/#website\"},\"datePublished\":\"2021-12-03T23:15:48+00:00\",\"dateModified\":\"2021-12-03T23:19:11+00:00\",\"breadcrumb\":{\"@id\":\"https:\/\/draximenavila.com\/index.php\/product\/complex-reconstruction-of-the-ear-lobe\/#breadcrumb\"},\"inLanguage\":\"en-US\",\"potentialAction\":[{\"@type\":\"ReadAction\",\"target\":[\"https:\/\/draximenavila.com\/index.php\/product\/complex-reconstruction-of-the-ear-lobe\/\"]}]},{\"@type\":\"BreadcrumbList\",\"@id\":\"https:\/\/draximenavila.com\/index.php\/product\/complex-reconstruction-of-the-ear-lobe\/#breadcrumb\",\"itemListElement\":[{\"@type\":\"ListItem\",\"position\":1,\"name\":\"Home\",\"item\":\"https:\/\/draximenavila.com\/\"},{\"@type\":\"ListItem\",\"position\":2,\"name\":\"Shop\",\"item\":\"https:\/\/draximenavila.com\/index.php\/shop\/\"},{\"@type\":\"ListItem\",\"position\":3,\"name\":\"Complex reconstruction of the ear lobe\"}]},{\"@type\":\"WebSite\",\"@id\":\"https:\/\/draximenavila.com\/#website\",\"url\":\"https:\/\/draximenavila.com\/\",\"name\":\"Cirugia Pl\u00e1stica y Est\u00e9tica en Bogot\u00e1 Colombia\",\"description\":\"Tummy tuck, Ear surgery and Hair implant\",\"publisher\":{\"@id\":\"https:\/\/draximenavila.com\/#organization\"},\"potentialAction\":[{\"@type\":\"SearchAction\",\"target\":{\"@type\":\"EntryPoint\",\"urlTemplate\":\"https:\/\/draximenavila.com\/?s={search_term_string}\"},\"query-input\":{\"@type\":\"PropertyValueSpecification\",\"valueRequired\":true,\"valueName\":\"search_term_string\"}}],\"inLanguage\":\"en-US\"},{\"@type\":\"Organization\",\"@id\":\"https:\/\/draximenavila.com\/#organization\",\"name\":\"Medical office of Dr. Elsa Ximena Avila Ferreira\",\"url\":\"https:\/\/draximenavila.com\/\",\"logo\":{\"@type\":\"ImageObject\",\"inLanguage\":\"en-US\",\"@id\":\"https:\/\/draximenavila.com\/#\/schema\/logo\/image\/\",\"url\":\"https:\/\/draximenavila.com\/wp-content\/uploads\/2022\/04\/cropped-Logo_Dra_Xime_recortado-removebg-SESP.png\",\"contentUrl\":\"https:\/\/draximenavila.com\/wp-content\/uploads\/2022\/04\/cropped-Logo_Dra_Xime_recortado-removebg-SESP.png\",\"width\":285,\"height\":214,\"caption\":\"Medical office of Dr. Elsa Ximena Avila Ferreira\"},\"image\":{\"@id\":\"https:\/\/draximenavila.com\/#\/schema\/logo\/image\/\"}}]}<\/script>\n<!-- \/ Yoast SEO plugin. -->","yoast_head_json":{"title":"Complex reconstruction of the ear lobe | Cirugia Pl\u00e1stica y Est\u00e9tica en Bogot\u00e1 Colombia","robots":{"index":"index","follow":"follow","max-snippet":"max-snippet:-1","max-image-preview":"max-image-preview:large","max-video-preview":"max-video-preview:-1"},"canonical":"https:\/\/draximenavila.com\/index.php\/product\/complex-reconstruction-of-the-ear-lobe\/","og_locale":"en_US","og_type":"article","og_title":"Complex reconstruction of the ear lobe | Cirugia Pl\u00e1stica y Est\u00e9tica en Bogot\u00e1 Colombia","og_description":"Fixing of the ear lobe with damage greater than 1 millimeter","og_url":"https:\/\/draximenavila.com\/index.php\/product\/complex-reconstruction-of-the-ear-lobe\/","og_site_name":"Cirugia Pl\u00e1stica y Est\u00e9tica en Bogot\u00e1 Colombia","article_modified_time":"2021-12-03T23:19:11+00:00","twitter_card":"summary_large_image","schema":{"@context":"https:\/\/schema.org","@graph":[{"@type":"WebPage","@id":"https:\/\/draximenavila.com\/index.php\/product\/complex-reconstruction-of-the-ear-lobe\/","url":"https:\/\/draximenavila.com\/index.php\/product\/complex-reconstruction-of-the-ear-lobe\/","name":"Complex reconstruction of the ear lobe | Cirugia Pl\u00e1stica y Est\u00e9tica en Bogot\u00e1 Colombia","isPartOf":{"@id":"https:\/\/draximenavila.com\/#website"},"datePublished":"2021-12-03T23:15:48+00:00","dateModified":"2021-12-03T23:19:11+00:00","breadcrumb":{"@id":"https:\/\/draximenavila.com\/index.php\/product\/complex-reconstruction-of-the-ear-lobe\/#breadcrumb"},"inLanguage":"en-US","potentialAction":[{"@type":"ReadAction","target":["https:\/\/draximenavila.com\/index.php\/product\/complex-reconstruction-of-the-ear-lobe\/"]}]},{"@type":"BreadcrumbList","@id":"https:\/\/draximenavila.com\/index.php\/product\/complex-reconstruction-of-the-ear-lobe\/#breadcrumb","itemListElement":[{"@type":"ListItem","position":1,"name":"Home","item":"https:\/\/draximenavila.com\/"},{"@type":"ListItem","position":2,"name":"Shop","item":"https:\/\/draximenavila.com\/index.php\/shop\/"},{"@type":"ListItem","position":3,"name":"Complex reconstruction of the ear lobe"}]},{"@type":"WebSite","@id":"https:\/\/draximenavila.com\/#website","url":"https:\/\/draximenavila.com\/","name":"Cirugia Pl\u00e1stica y Est\u00e9tica en Bogot\u00e1 Colombia","description":"Tummy tuck, Ear surgery and Hair implant","publisher":{"@id":"https:\/\/draximenavila.com\/#organization"},"potentialAction":[{"@type":"SearchAction","target":{"@type":"EntryPoint","urlTemplate":"https:\/\/draximenavila.com\/?s={search_term_string}"},"query-input":{"@type":"PropertyValueSpecification","valueRequired":true,"valueName":"search_term_string"}}],"inLanguage":"en-US"},{"@type":"Organization","@id":"https:\/\/draximenavila.com\/#organization","name":"Medical office of Dr. Elsa Ximena Avila Ferreira","url":"https:\/\/draximenavila.com\/","logo":{"@type":"ImageObject","inLanguage":"en-US","@id":"https:\/\/draximenavila.com\/#\/schema\/logo\/image\/","url":"https:\/\/draximenavila.com\/wp-content\/uploads\/2022\/04\/cropped-Logo_Dra_Xime_recortado-removebg-SESP.png","contentUrl":"https:\/\/draximenavila.com\/wp-content\/uploads\/2022\/04\/cropped-Logo_Dra_Xime_recortado-removebg-SESP.png","width":285,"height":214,"caption":"Medical office of Dr. Elsa Ximena Avila Ferreira"},"image":{"@id":"https:\/\/draximenavila.com\/#\/schema\/logo\/image\/"}}]}},"_links":{"self":[{"href":"https:\/\/draximenavila.com\/index.php\/wp-json\/wp\/v2\/product\/2284","targetHints":{"allow":["GET"]}}],"collection":[{"href":"https:\/\/draximenavila.com\/index.php\/wp-json\/wp\/v2\/product"}],"about":[{"href":"https:\/\/draximenavila.com\/index.php\/wp-json\/wp\/v2\/types\/product"}],"replies":[{"embeddable":true,"href":"https:\/\/draximenavila.com\/index.php\/wp-json\/wp\/v2\/comments?post=2284"}],"wp:attachment":[{"href":"https:\/\/draximenavila.com\/index.php\/wp-json\/wp\/v2\/media?parent=2284"}],"wp:term":[{"taxonomy":"product_brand","embeddable":true,"href":"https:\/\/draximenavila.com\/index.php\/wp-json\/wp\/v2\/product_brand?post=2284"},{"taxonomy":"product_cat","embeddable":true,"href":"https:\/\/draximenavila.com\/index.php\/wp-json\/wp\/v2\/product_cat?post=2284"},{"taxonomy":"product_tag","embeddable":true,"href":"https:\/\/draximenavila.com\/index.php\/wp-json\/wp\/v2\/product_tag?post=2284"}],"curies":[{"name":"wp","href":"https:\/\/api.w.org\/{rel}","templated":true}]}}